{"id":136,"date":"2023-11-21T19:29:57","date_gmt":"2023-11-21T19:29:57","guid":{"rendered":"https:\/\/hostmundo.net\/lp\/?page_id=136"},"modified":"2025-07-13T03:25:08","modified_gmt":"2025-07-13T03:25:08","slug":"frente-de-caixa-para-cupom-fiscal","status":"publish","type":"page","link":"https:\/\/hostmundo.net\/lp\/index.php\/frente-de-caixa-para-cupom-fiscal\/","title":{"rendered":"Frente de Caixa para Cupom Fiscal"},"content":{"rendered":"<div id=\"sp-page\" class=\"spBgcover sp-content-1\" style=\"background-color: rgb(255, 255, 255); font-family: 'Helvetica Neue', Arial, sans-serif; font-weight: 400;\">\n<section id=\"sp-ks8a8s\" data-mobile-visibility=\"#sp-ks8a8s|false\" data-desktop-visibility=\"#sp-ks8a8s|false\" data-mobile-css=\"\" class=\"sp-el-section \" style=\"width: 100%; max-width: 100%; padding: 10px;\">\n<div id=\"sp-vw3kvy\" data-mobile-visibility=\"#sp-vw3kvy|false\" data-desktop-visibility=\"#sp-vw3kvy|false\" data-mobile-css=\"\" class=\"sp-el-row sm:sp-flex sp-w-full  sp-m-auto sp-justify-between\" style=\"padding: 0px;\">\n<div id=\"sp-h7m36w\" data-mobile-visibility=\"#sp-h7m36w|false\" data-desktop-visibility=\"#sp-h7m36w|false\" data-mobile-css=\"\" class=\"sp-el-col  sp-w-full\" style=\"width: calc(50% + 0px);\">\n<figure id=\"sp-jfzf3i\" data-mobile-css=\"#sp-jfzf3i|text-align:center;\" class=\"sp-image-wrapper sp-el-block\" style=\"margin: 0px; text-align: center;\">\n<div><span><img loading=\"lazy\" decoding=\"async\" src=\"https:\/\/hostmundo.net\/lp\/wp-content\/uploads\/2023\/11\/logo_hostmundo-1.png\" alt=\"\" width=\"1200\" height=\"277\" data-mobile-visibility=\".sp-image-block-jfzf3i|false\" data-desktop-visibility=\".sp-image-block-jfzf3i|false\" srcset=\" https:\/\/hostmundo.net\/lp\/wp-content\/uploads\/2023\/11\/logo_hostmundo-1-150x150.png 150w, https:\/\/hostmundo.net\/lp\/wp-content\/uploads\/2023\/11\/logo_hostmundo-1-300x69.png 300w, https:\/\/hostmundo.net\/lp\/wp-content\/uploads\/2023\/11\/logo_hostmundo-1-1024x236.png 1024w, https:\/\/hostmundo.net\/lp\/wp-content\/uploads\/2023\/11\/logo_hostmundo-1.png 1200w\" class=\"sp-image-block-jfzf3i\" style=\"width: 1200px;\"><\/span><\/div>\n<\/figure>\n<div id=\"sp-u90e98\" data-mobile-visibility=\".sp-divider-block-u90e98|false\" data-desktop-visibility=\".sp-divider-block-u90e98|false\" data-mobile-css=\"#sp-u90e98 .sp-divider-text-block .sp-divider-text, #sp-u90e98|justify-content:center;padding:10px 0px 10px 0px ;\" class=\"sp-divider-wrapper sp-flex sp-el-block sp-divider-block-u90e98\" style=\"margin: 0px; justify-content: center; padding: 10px 0px;\">\n<style type=\"text\/css\">\n    #sp-u90e98 .sp-divider-separator::after , #sp-u90e98 .sp-divider-separator::before  {content:\"\"}\n    #sp-u90e98 .sp-divider .sp-divider-separator::after , #sp-u90e98 .sp-divider .sp-divider-separator::before {display:block;border-top:05px solid #000000}\n    #sp-u90e98 .sp-divider .sp-divider-text-block .sp-divider-text \n    {color:#000000}\n    #sp-u90e98 .sp-divider .sp-divider-text-block.sp-divider-icon-block \n    {color:#000000}\n  <\/style>\n<div class=\"sp-divider  sp-divider-with-icon \" style=\"width: 100%; color: rgb(0, 0, 0);\">\n<div class=\"sp-divider-separator\">\n<div class=\"sp-divider-text-block sp-divider-icon-block\"><i class=\"fas fa-check\" style=\"font-size: 15px;\"><\/i><\/div>\n<\/div>\n<\/div>\n<\/div>\n<h4 id=\"sp-a5kecb\" data-mobile-css=\".sp-headline-block-a5kecb, #sp-a5kecb, #a5kecb|text-align:center;\" data-mobile-visibility=\".sp-headline-block-a5kecb|false\" data-desktop-visibility=\".sp-headline-block-a5kecb|false\" class=\"sp-css-target sp-el-block sp-headline-block-a5kecb sp-type-header\" style=\"text-shadow: rgba(0, 0, 0, 0.3) 5px 5px 20px; text-align: center; margin: 0px;\"><strong>Frente de Caixa para Emiss\u00e3o de Cupom Fiscal Eletr\u00f4nico &#8211; NFCe e Ticket de Venda.<br \/>Voc\u00ea pode emitir cupom fiscal de qualquer lugar, computador, celular, tablet, etc.<\/strong><\/h4>\n<figure id=\"sp-kyfwju\" data-mobile-css=\"#sp-kyfwju|text-align:center;\" class=\"sp-image-wrapper sp-el-block\" style=\"margin: 0px; text-align: center;\">\n<div><span><img loading=\"lazy\" decoding=\"async\" src=\"https:\/\/hostmundo.net\/lp\/wp-content\/uploads\/2025\/01\/fcx_pdv.png\" alt=\"\" width=\"811\" height=\"430\" data-mobile-visibility=\".sp-image-block-kyfwju|false\" data-desktop-visibility=\".sp-image-block-kyfwju|false\" srcset=\" https:\/\/hostmundo.net\/lp\/wp-content\/uploads\/2025\/01\/fcx_pdv-150x150.png 150w, https:\/\/hostmundo.net\/lp\/wp-content\/uploads\/2025\/01\/fcx_pdv-300x159.png 300w, https:\/\/hostmundo.net\/lp\/wp-content\/uploads\/2025\/01\/fcx_pdv.png 811w\" class=\"sp-image-block-kyfwju\" style=\"width: 811px;\"><\/span><\/div>\n<\/figure>\n<div id=\"sp-dqcj44\" data-mobile-visibility=\".sp-divider-block-dqcj44|false\" data-desktop-visibility=\".sp-divider-block-dqcj44|false\" data-mobile-css=\"#sp-dqcj44 .sp-divider-text-block .sp-divider-text, #sp-dqcj44|justify-content:center;padding:10px 0px 10px 0px ;\" class=\"sp-divider-wrapper sp-flex sp-el-block sp-divider-block-dqcj44\" style=\"margin: 0px; justify-content: center; padding: 10px 0px;\">\n<style type=\"text\/css\">\n    #sp-dqcj44 .sp-divider-separator::after , #sp-dqcj44 .sp-divider-separator::before  {content:\"\"}\n    #sp-dqcj44 .sp-divider .sp-divider-separator::after , #sp-dqcj44 .sp-divider .sp-divider-separator::before {display:block;border-top:5px solid #000000}\n    #sp-dqcj44 .sp-divider .sp-divider-text-block .sp-divider-text \n    {color:#000000}\n    #sp-dqcj44 .sp-divider .sp-divider-text-block.sp-divider-icon-block \n    {color:#000000}\n  <\/style>\n<div class=\"sp-divider  sp-divider-with-icon \" style=\"width: 100%; color: rgb(0, 0, 0);\">\n<div class=\"sp-divider-separator\">\n<div class=\"sp-divider-text-block sp-divider-icon-block\"><i class=\"fas fa-check\" style=\"font-size: 15px;\"><\/i><\/div>\n<\/div>\n<\/div>\n<\/div>\n<div id=\"sp-m6bnz3\" data-mobile-css=\".sp-bulletlist-block-m6bnz3, #sp-m6bnz3|justify-content:flex-start;\" data-mobile-visibility=\".sp-bulletlist-block-m6bnz3|false\" data-desktop-visibility=\".sp-bulletlist-block-m6bnz3|false\" class=\"sp-flex sp-css-target sp-el-block sp-bulletlist-block-template-0 sp-justify-start sp-bulletlist-block-m6bnz3\" style=\"margin: 0px;\">\n<ul class=\"sp-bulletlist-wrapper\">\n<li data-mobile-css=\"#sp-m6bnz3 .sp-bullet-list-item-m6bnz3-0|padding:0px 0px 10px 0px ;\" class=\"sp-flex sp-items-center sp-bullet-list-item-m6bnz3-0 sp-justify-start\" style=\"padding: 0px 0px 10px;\"><span class=\"sp-icon-wrapper sp-mr-4\"><i class=\"fa-fw fa-lg fas fa-check\" style=\"width: 32px; line-height: 32px;\"><\/i><\/span><span>Emiss\u00e3o de Cupom Fiscal e Ticket de Venda, fa\u00e7a uma venda em menos de 10 segundos!&nbsp;<\/span><\/li>\n<li data-mobile-css=\"#sp-m6bnz3 .sp-bullet-list-item-m6bnz3-1|padding:0px 0px 10px 0px ;\" class=\"sp-flex sp-items-center sp-bullet-list-item-m6bnz3-1 sp-justify-start\" style=\"padding: 0px 0px 10px;\"><span class=\"sp-icon-wrapper sp-mr-4\"><i class=\"fa-fw fa-lg fas fa-check\" style=\"width: 32px; line-height: 32px;\"><\/i><\/span><span>Envio dos Cupons Fiscais Emitidos para o <strong>Contador Automaticamente<\/strong> todo Inido de M\u00eas&nbsp;<\/span><\/li>\n<li data-mobile-css=\"\" class=\"sp-flex sp-items-center sp-bullet-list-item-m6bnz3-2 sp-justify-start\"><span class=\"sp-icon-wrapper sp-mr-4\"><i class=\"fa-fw fa-lg fas fa-check\" style=\"width: 32px; line-height: 32px;\"><\/i><\/span><span>Abertura e Fechamento de Caixa, Relat\u00f3rio de Venda e Cadastros&nbsp;<\/span><\/li>\n<\/ul>\n<\/div>\n<figure id=\"sp-bfn9fz\" data-mobile-css=\"#sp-bfn9fz|text-align:center;\" class=\"sp-image-wrapper sp-el-block\" style=\"margin: 0px; text-align: center;\">\n<div><span><a href=\"https:\/\/api.whatsapp.com\/send?phone=5519989628904&amp;text=Ol%C3%A1\" target=\"_blank\" rel=\"\" class=\"sp-inline-block\" draggable=\"false\"><img loading=\"lazy\" decoding=\"async\" src=\"https:\/\/hostmundo.net\/lp\/wp-content\/uploads\/2025\/02\/whats_certificado.png\" alt=\"Clique aqui e fale com a gente agora mesmo!\" width=\"560\" height=\"180\" srcset=\" https:\/\/hostmundo.net\/lp\/wp-content\/uploads\/2025\/02\/whats_certificado-150x150.png 150w, https:\/\/hostmundo.net\/lp\/wp-content\/uploads\/2025\/02\/whats_certificado-300x96.png 300w, https:\/\/hostmundo.net\/lp\/wp-content\/uploads\/2025\/02\/whats_certificado.png 560w\" style=\"width: 560%;\" draggable=\"false\"><\/a><\/span><\/div>\n<\/figure>\n<figure id=\"sp-o2zr09\" data-mobile-css=\"#sp-o2zr09|text-align:center;\" class=\"sp-image-wrapper sp-el-block\" style=\"margin: 0px; text-align: center;\">\n<div><span><img loading=\"lazy\" decoding=\"async\" src=\"https:\/\/hostmundo.net\/lp\/wp-content\/uploads\/2024\/08\/apres_caixa_fcx_cloud.gif\" alt=\"\" width=\"340\" height=\"718\" data-mobile-visibility=\".sp-image-block-o2zr09|false\" data-desktop-visibility=\".sp-image-block-o2zr09|false\" srcset=\" https:\/\/hostmundo.net\/lp\/wp-content\/uploads\/2024\/08\/apres_caixa_fcx_cloud-150x150.gif 150w, https:\/\/hostmundo.net\/lp\/wp-content\/uploads\/2024\/08\/apres_caixa_fcx_cloud-142x300.gif 142w, https:\/\/hostmundo.net\/lp\/wp-content\/uploads\/2024\/08\/apres_caixa_fcx_cloud.gif 340w\" class=\"sp-image-block-o2zr09\" style=\"width: 340px;\"><\/span><\/div>\n<\/figure>\n<\/div>\n<div id=\"sp-nt2h2y\" data-mobile-visibility=\"#sp-nt2h2y|false\" data-desktop-visibility=\"#sp-nt2h2y|false\" data-mobile-css=\"\" class=\"sp-el-col  sp-w-full\" style=\"width: calc(50% + 0px);\">\n<figure id=\"sp-b9tnwv\" data-mobile-css=\"#sp-b9tnwv|text-align:center;\" class=\"sp-image-wrapper sp-el-block\" style=\"margin: 0px; text-align: center;\">\n<div><span><img loading=\"lazy\" decoding=\"async\" src=\"https:\/\/hostmundo.net\/lp\/wp-content\/uploads\/2024\/05\/homem_atendimento_fcx-1.png\" alt=\"\" width=\"615\" height=\"446\" data-mobile-visibility=\".sp-image-block-b9tnwv|false\" data-desktop-visibility=\".sp-image-block-b9tnwv|false\" srcset=\" https:\/\/hostmundo.net\/lp\/wp-content\/uploads\/2024\/05\/homem_atendimento_fcx-1-150x150.png 150w, https:\/\/hostmundo.net\/lp\/wp-content\/uploads\/2024\/05\/homem_atendimento_fcx-1-300x218.png 300w, https:\/\/hostmundo.net\/lp\/wp-content\/uploads\/2024\/05\/homem_atendimento_fcx-1.png 615w\" class=\"sp-image-block-b9tnwv\" style=\"width: 615px;\"><\/span><\/div>\n<\/figure>\n<figure id=\"sp-bff7nk\" data-mobile-css=\"#sp-bff7nk|text-align:center;\" class=\"sp-image-wrapper sp-el-block\" style=\"margin: 0px; text-align: center;\">\n<div><span><img loading=\"lazy\" decoding=\"async\" src=\"https:\/\/hostmundo.net\/lp\/wp-content\/uploads\/2025\/01\/integra_nfce.png\" alt=\"\" width=\"453\" height=\"391\" data-mobile-visibility=\".sp-image-block-bff7nk|false\" data-desktop-visibility=\".sp-image-block-bff7nk|false\" srcset=\" https:\/\/hostmundo.net\/lp\/wp-content\/uploads\/2025\/01\/integra_nfce-150x150.png 150w, https:\/\/hostmundo.net\/lp\/wp-content\/uploads\/2025\/01\/integra_nfce-300x259.png 300w, https:\/\/hostmundo.net\/lp\/wp-content\/uploads\/2025\/01\/integra_nfce.png 453w\" class=\"sp-image-block-bff7nk\" style=\"width: 453px;\"><\/span><\/div>\n<\/figure>\n<figure id=\"sp-o0n3j7\" data-mobile-css=\"#sp-o0n3j7|text-align:center;\" class=\"sp-image-wrapper sp-el-block\" style=\"margin: 0px; text-align: center;\">\n<div><span><img loading=\"lazy\" decoding=\"async\" src=\"https:\/\/hostmundo.net\/lp\/wp-content\/uploads\/2025\/02\/nfce.jpg\" alt=\"\" width=\"288\" height=\"614\" data-mobile-visibility=\".sp-image-block-o0n3j7|false\" data-desktop-visibility=\".sp-image-block-o0n3j7|false\" srcset=\" https:\/\/hostmundo.net\/lp\/wp-content\/uploads\/2025\/02\/nfce-150x150.jpg 150w, https:\/\/hostmundo.net\/lp\/wp-content\/uploads\/2025\/02\/nfce-141x300.jpg 141w, https:\/\/hostmundo.net\/lp\/wp-content\/uploads\/2025\/02\/nfce.jpg 288w\" class=\"sp-image-block-o0n3j7\" style=\"width: 288px;\"><\/span><\/div>\n<\/figure>\n<div id=\"sp-snyf3s\" data-mobile-css=\"#sp-snyf3s|justify-content:center;\" class=\"sp-video-control sp-flex sp-el-block\" style=\"justify-content: center; margin: 0px;\">\n<div data-mobile-visibility=\".sp-video-block-snyf3s|false\" data-desktop-visibility=\".sp-video-block-snyf3s|false\" class=\"sp-video-wrapper sp-video-block-snyf3s\" style=\"width: 100%; max-width: 100%; box-shadow: rgba(0, 0, 0, 0.1) 0px 20px 25px -5px, rgba(0, 0, 0, 0.4) 0px 10px 10px -5px;\">\n<div class=\"sp-video-responsive\"><iframe loading=\"lazy\" width=\"560\" height=\"315\" src=\"https:\/\/www.youtube.com\/embed\/g9y_Dt78mv4\" frameborder=\"0\" allowfullscreen=\"allowfullscreen\"><\/iframe><\/div>\n<\/div>\n<\/div>\n<\/div>\n<\/div>\n<\/section>\n<\/div>\n","protected":false},"excerpt":{"rendered":"<p>Frente de Caixa para Emiss\u00e3o de Cupom Fiscal Eletr\u00f4nico &#8211; NFCe e Ticket de Venda.Voc\u00ea pode emitir cupom fiscal de qualquer lugar, computador, celular, tablet, etc. Emiss\u00e3o de Cupom Fiscal e Ticket de Venda, fa\u00e7a uma venda em menos de 10 segundos!&nbsp; Envio dos Cupons Fiscais Emitidos para o Contador Automaticamente todo Inido de M\u00eas&nbsp; [&hellip;]<\/p>\n","protected":false},"author":1,"featured_media":0,"parent":0,"menu_order":0,"comment_status":"closed","ping_status":"closed","template":"","meta":{"_monsterinsights_skip_tracking":false,"_monsterinsights_sitenote_active":false,"_monsterinsights_sitenote_note":"","_monsterinsights_sitenote_category":0,"footnotes":""},"class_list":["post-136","page","type-page","status-publish","hentry"],"aioseo_notices":[],"_links":{"self":[{"href":"https:\/\/hostmundo.net\/lp\/index.php\/wp-json\/wp\/v2\/pages\/136","targetHints":{"allow":["GET"]}}],"collection":[{"href":"https:\/\/hostmundo.net\/lp\/index.php\/wp-json\/wp\/v2\/pages"}],"about":[{"href":"https:\/\/hostmundo.net\/lp\/index.php\/wp-json\/wp\/v2\/types\/page"}],"author":[{"embeddable":true,"href":"https:\/\/hostmundo.net\/lp\/index.php\/wp-json\/wp\/v2\/users\/1"}],"replies":[{"embeddable":true,"href":"https:\/\/hostmundo.net\/lp\/index.php\/wp-json\/wp\/v2\/comments?post=136"}],"version-history":[{"count":53,"href":"https:\/\/hostmundo.net\/lp\/index.php\/wp-json\/wp\/v2\/pages\/136\/revisions"}],"predecessor-version":[{"id":149,"href":"https:\/\/hostmundo.net\/lp\/index.php\/wp-json\/wp\/v2\/pages\/136\/revisions\/149"}],"wp:attachment":[{"href":"https:\/\/hostmundo.net\/lp\/index.php\/wp-json\/wp\/v2\/media?parent=136"}],"curies":[{"name":"wp","href":"https:\/\/api.w.org\/{rel}","templated":true}]}}