{"id":233,"date":"2024-09-21T02:40:10","date_gmt":"2024-09-21T02:40:10","guid":{"rendered":"https:\/\/hostmundo.net\/lp\/?page_id=233"},"modified":"2025-07-13T03:21:11","modified_gmt":"2025-07-13T03:21:11","slug":"emisses-fiscais-nfe-cfe-nfce-nfse-cte-mdfe","status":"publish","type":"page","link":"https:\/\/hostmundo.net\/lp\/index.php\/emisses-fiscais-nfe-cfe-nfce-nfse-cte-mdfe\/","title":{"rendered":"Emiss\u00f5es Fiscais &#8211; NFe, CFe, NFCe, NFSe, CTe e MDFe"},"content":{"rendered":"<div id=\"sp-page\" class=\"spBgcover sp-content-4\" style=\"background-image: url('https:\/\/assets.seedprod.com\/93-7v88vkr23q3ujpcp.jpg'); font-family: Inter, sans-serif; font-weight: 400;\">\n<section id=\"sp-ckzdoppede1\" data-mobile-visibility=\"#sp-ckzdoppede1|false\" data-desktop-visibility=\"#sp-ckzdoppede1|false\" data-mobile-css=\"\" class=\"sp-el-section  spBgcover\" style=\"width: 100%; max-width: 100%; padding: 10px;\">\n<div id=\"sp-rahpdx4qbt4v\" data-mobile-visibility=\"#sp-rahpdx4qbt4v|false\" data-desktop-visibility=\"#sp-rahpdx4qbt4v|false\" data-mobile-css=\"\" class=\"sp-el-row sm:sp-flex sp-w-full  sp-m-auto spBgcover sp-justify-between\" style=\"padding: 10px; width: auto; max-width: 1000px;\">\n<div id=\"sp-nlys3wrlqsuq\" data-mobile-visibility=\"#sp-nlys3wrlqsuq|false\" data-desktop-visibility=\"#sp-nlys3wrlqsuq|false\" data-mobile-css=\"\" class=\"sp-el-col  spBgcover sp-w-full\" style=\"width: calc(50% + 0px);\">\n<style type=\"text\/css\">\n      #sp-nlys3wrlqsuq .sp-col-top .seedprod-shape-fill {fill: undefined;} #sp-nlys3wrlqsuq .sp-col-top svg {width: undefined%;height: undefinedpx;transform: translateX(-50%);} #sp-nlys3wrlqsuq .sp-col-bottom .seedprod-shape-fill {fill: undefined;} #sp-nlys3wrlqsuq .sp-col-bottom svg {width: undefined%;height: undefinedpx;transform: translateX(-50%);}\n    <\/style>\n<div class=\"sp-col-shape sp-col-top\" style=\"z-index: 0;\">\n<div><\/div>\n<\/div>\n<div class=\"sp-col-shape sp-col-bottom\" style=\"z-index: 0;\">\n<div><\/div>\n<\/div>\n<h1 id=\"sp-wxi918kaufaj\" data-mobile-css=\".sp-headline-block-wxi918kaufaj, #sp-wxi918kaufaj, #wxi918kaufaj|text-align:center;\" data-mobile-visibility=\".sp-headline-block-wxi918kaufaj|false\" data-desktop-visibility=\".sp-headline-block-wxi918kaufaj|false\" class=\"sp-css-target sp-el-block sp-headline-block-wxi918kaufaj sp-type-header\" style=\"font-size: 32px; text-shadow: rgba(0, 0, 0, 0.5) 1px 1px 0px; text-align: left; margin: 0px;\">Emissor Fiscal, v\u00e1rios CNPJ no mesmo sistema<\/h1>\n<figure id=\"sp-cfw0gd\" data-mobile-css=\"#sp-cfw0gd|text-align:center;\" class=\"sp-image-wrapper sp-el-block\" style=\"margin: 0px; text-align: center;\">\n<div><span><img loading=\"lazy\" decoding=\"async\" src=\"https:\/\/hostmundo.net\/lp\/wp-content\/uploads\/2024\/07\/pct_emissores.png\" alt=\"\" width=\"912\" height=\"181\" data-mobile-visibility=\".sp-image-block-cfw0gd|false\" data-desktop-visibility=\".sp-image-block-cfw0gd|false\" srcset=\" https:\/\/hostmundo.net\/lp\/wp-content\/uploads\/2024\/07\/pct_emissores-150x150.png 150w, https:\/\/hostmundo.net\/lp\/wp-content\/uploads\/2024\/07\/pct_emissores-300x60.png 300w, https:\/\/hostmundo.net\/lp\/wp-content\/uploads\/2024\/07\/pct_emissores.png 912w\" class=\"sp-image-block-cfw0gd\" style=\"border-radius: 8px; width: 912px; border-width: 4px; border-style: solid; border-color: rgb(251, 140, 0);\"><\/span><\/div>\n<\/figure>\n<div id=\"sp-vwehp5\" data-mobile-visibility=\".sp-divider-block-vwehp5|false\" data-desktop-visibility=\".sp-divider-block-vwehp5|false\" data-mobile-css=\"#sp-vwehp5 .sp-divider-text-block .sp-divider-text, #sp-vwehp5|justify-content:center;padding:10px 0px 10px 0px ;\" class=\"sp-divider-wrapper sp-flex sp-el-block sp-divider-block-vwehp5\" style=\"margin: 0px; justify-content: center; padding: 10px 0px;\">\n<style type=\"text\/css\">\n    #sp-vwehp5 .sp-divider-separator::after , #sp-vwehp5 .sp-divider-separator::before  {content:\"\"}\n    #sp-vwehp5 .sp-divider .sp-divider-separator::after , #sp-vwehp5 .sp-divider .sp-divider-separator::before {display:block;border-top:1px solid #FBD00F}\n    #sp-vwehp5 .sp-divider .sp-divider-text-block .sp-divider-text \n    {color:#FBD00F}\n    #sp-vwehp5 .sp-divider .sp-divider-text-block.sp-divider-icon-block \n    {color:#FBD00F}\n  <\/style>\n<div class=\"sp-divider sp-flex\" style=\"width: 90%; border-top: 1px solid rgb(251, 208, 15);\"><\/div>\n<\/div>\n<div id=\"sp-shh6fv\" data-mobile-css=\".sp-text-wrapper-shh6fv, #sp-shh6fv, #shh6fv|text-align:left;\" data-mobile-visibility=\".sp-text-wrapper-shh6fv|false\" data-desktop-visibility=\".sp-text-wrapper-shh6fv|false\" class=\"sp-css-target sp-text-wrapper sp-el-block sp-text-wrapper-shh6fv\" style=\"text-shadow: rgba(0, 0, 0, 0.5) 1px 1px 0px; margin: 0px; text-align: left;\">\n<p>Conhe\u00e7a o ERP HostMundo para emiss\u00f5es fiscais, totalmente integrado, painel do contador para baixar os documentos, envio autom\u00e1tico por e-mail. F\u00e1cil de utilizar e com suporte avan\u00e7ado!<\/p>\n<\/div>\n<div id=\"sp-pcq4vp\" data-mobile-visibility=\".sp-divider-block-pcq4vp|false\" data-desktop-visibility=\".sp-divider-block-pcq4vp|false\" data-mobile-css=\"#sp-pcq4vp .sp-divider-text-block .sp-divider-text, #sp-pcq4vp|justify-content:center;padding:10px 0px 10px 0px ;\" class=\"sp-divider-wrapper sp-flex sp-el-block sp-divider-block-pcq4vp\" style=\"margin: 0px; justify-content: center; padding: 10px 0px;\">\n<style type=\"text\/css\">\n    #sp-pcq4vp .sp-divider-separator::after , #sp-pcq4vp .sp-divider-separator::before  {content:\"\"}\n    #sp-pcq4vp .sp-divider .sp-divider-separator::after , #sp-pcq4vp .sp-divider .sp-divider-separator::before {display:block;border-top:1px solid #FBD00F}\n    #sp-pcq4vp .sp-divider .sp-divider-text-block .sp-divider-text \n    {color:#FBD00F}\n    #sp-pcq4vp .sp-divider .sp-divider-text-block.sp-divider-icon-block \n    {color:#FBD00F}\n  <\/style>\n<div class=\"sp-divider sp-flex\" style=\"width: 90%; border-top: 1px solid rgb(251, 208, 15);\"><\/div>\n<\/div>\n<div id=\"sp-bz8yoxok8c8\" data-mobile-css=\".sp-bulletlist-block-bz8yoxok8c8, #sp-bz8yoxok8c8|font-size:43px;line-height:1.3;letter-spacing:0px;justify-content:flex-start;\" data-mobile-visibility=\".sp-bulletlist-block-bz8yoxok8c8|false\" data-desktop-visibility=\".sp-bulletlist-block-bz8yoxok8c8|false\" class=\"sp-flex sp-css-target sp-el-block sp-bulletlist-block-template-0 sp-justify-start sp-bulletlist-block-bz8yoxok8c8\" style=\"margin: 0px; text-transform: capitalize; font-size: 33px; line-height: 1.7; font-family: Verdana, Geneva, sans-serif; font-weight: bold; text-shadow: rgba(0, 0, 0, 0.5) 1px 1px 0px;\">\n<ul class=\"sp-bulletlist-wrapper sp-flex sp-flex-wrap sp-items-center\">\n<li data-mobile-css=\"#sp-bz8yoxok8c8 .sp-bullet-list-item-bz8yoxok8c8-0|padding:0px 10px 0px 0px ;\" class=\"sp-flex sp-items-center sp-bullet-list-item-bz8yoxok8c8-0 sp-justify-start\" style=\"padding: 0px 1px 0px 0px;\"><span class=\"sp-icon-wrapper sp-mr-4\"><i class=\"fa-fw fa-lg fas fa-check\" style=\"width: 66px; line-height: 66px; font-size: 33px;\"><\/i><\/span><span>NFe<\/span><\/li>\n<li data-mobile-css=\"#sp-bz8yoxok8c8 .sp-bullet-list-item-bz8yoxok8c8-1|padding:0px 10px 0px 0px ;\" class=\"sp-flex sp-items-center sp-bullet-list-item-bz8yoxok8c8-1 sp-justify-start\" style=\"padding: 0px 1px 0px 0px;\"><span class=\"sp-icon-wrapper sp-mr-4\"><i class=\"fa-fw fa-lg fas fa-check\" style=\"width: 66px; line-height: 66px; font-size: 33px;\"><\/i><\/span><span>NFSe<\/span><\/li>\n<li data-mobile-css=\"#sp-bz8yoxok8c8 .sp-bullet-list-item-bz8yoxok8c8-2|padding:0px 10px 0px 0px ;\" class=\"sp-flex sp-items-center sp-bullet-list-item-bz8yoxok8c8-2 sp-justify-start\" style=\"padding: 0px 1px 0px 0px;\"><span class=\"sp-icon-wrapper sp-mr-4\"><i class=\"fa-fw fa-lg fas fa-check\" style=\"width: 66px; line-height: 66px; font-size: 33px;\"><\/i><\/span><span>NFCe<\/span><\/li>\n<li data-mobile-css=\"#sp-bz8yoxok8c8 .sp-bullet-list-item-bz8yoxok8c8-3|padding:0px 10px 0px 0px ;\" class=\"sp-flex sp-items-center sp-bullet-list-item-bz8yoxok8c8-3 sp-justify-start\" style=\"padding: 0px 1px 0px 0px;\"><span class=\"sp-icon-wrapper sp-mr-4\"><i class=\"fa-fw fa-lg fas fa-check\" style=\"width: 66px; line-height: 66px; font-size: 33px;\"><\/i><\/span><span>CFe<\/span><\/li>\n<li data-mobile-css=\"#sp-bz8yoxok8c8 .sp-bullet-list-item-bz8yoxok8c8-4|padding:0px 10px 0px 0px ;\" class=\"sp-flex sp-items-center sp-bullet-list-item-bz8yoxok8c8-4 sp-justify-start\" style=\"padding: 0px 1px 0px 0px;\"><span class=\"sp-icon-wrapper sp-mr-4\"><i class=\"fa-fw fa-lg fas fa-check\" style=\"width: 66px; line-height: 66px; font-size: 33px;\"><\/i><\/span><span>CTe<\/span><\/li>\n<li data-mobile-css=\"\" class=\"sp-flex sp-items-center sp-bullet-list-item-bz8yoxok8c8-5 sp-justify-start\"><span class=\"sp-icon-wrapper sp-mr-4\"><i class=\"fa-fw fa-lg fas fa-check\" style=\"width: 66px; line-height: 66px; font-size: 33px;\"><\/i><\/span><span>MDFe<\/span><\/li>\n<\/ul>\n<\/div>\n<div id=\"sp-kdqgem\" data-mobile-visibility=\".sp-divider-block-kdqgem|false\" data-desktop-visibility=\".sp-divider-block-kdqgem|false\" data-mobile-css=\"#sp-kdqgem .sp-divider-text-block .sp-divider-text, #sp-kdqgem|justify-content:center;padding:10px 0px 10px 0px ;\" class=\"sp-divider-wrapper sp-flex sp-el-block sp-divider-block-kdqgem\" style=\"margin: 0px; justify-content: center; padding: 10px 0px;\">\n<style type=\"text\/css\">\n    #sp-kdqgem .sp-divider-separator::after , #sp-kdqgem .sp-divider-separator::before  {content:\"\"}\n    #sp-kdqgem .sp-divider .sp-divider-separator::after , #sp-kdqgem .sp-divider .sp-divider-separator::before {display:block;border-top:1px solid #FBD00F}\n    #sp-kdqgem .sp-divider .sp-divider-text-block .sp-divider-text \n    {color:#FBD00F}\n    #sp-kdqgem .sp-divider .sp-divider-text-block.sp-divider-icon-block \n    {color:#FBD00F}\n  <\/style>\n<div class=\"sp-divider sp-flex\" style=\"width: 90%; border-top: 1px solid rgb(251, 208, 15);\"><\/div>\n<\/div>\n<figure id=\"sp-xyli4o\" data-mobile-css=\"#sp-xyli4o|text-align:center;\" class=\"sp-image-wrapper sp-el-block\" style=\"margin: 0px; text-align: center;\">\n<div><span><a href=\"https:\/\/api.whatsapp.com\/send?phone=5519989628904&amp;text=Ol\u00e1\" target=\"_blank\" rel=\"\" class=\"sp-inline-block\" draggable=\"false\"><img loading=\"lazy\" decoding=\"async\" src=\"https:\/\/hostmundo.net\/lp\/wp-content\/uploads\/2023\/08\/contato-whatsapp.png\" alt=\"\" width=\"381\" height=\"146\" srcset=\" https:\/\/hostmundo.net\/lp\/wp-content\/uploads\/2023\/08\/contato-whatsapp-150x146.png 150w, https:\/\/hostmundo.net\/lp\/wp-content\/uploads\/2023\/08\/contato-whatsapp-300x115.png 300w, https:\/\/hostmundo.net\/lp\/wp-content\/uploads\/2023\/08\/contato-whatsapp.png 381w\" style=\"width: 381px;\" draggable=\"false\"><\/a><\/span><\/div>\n<\/figure>\n<div id=\"sp-qz2h6p\" data-mobile-css=\".sp-text-wrapper-qz2h6p, #sp-qz2h6p, #qz2h6p|text-align:left;\" data-mobile-visibility=\".sp-text-wrapper-qz2h6p|false\" data-desktop-visibility=\".sp-text-wrapper-qz2h6p|false\" class=\"sp-css-target sp-text-wrapper sp-el-block sp-text-block-style sp-text-wrapper-qz2h6p\" style=\"font-size: 24px; margin: 0px; text-align: left;\">\n<p>Nosso sistema \u00e9 em nuvem, por isso pode ser acessado de qualquer lugar, s\u00f3 precisa de um navegador com conex\u00e3o com a internet.<br \/>Com um \u00fanico usu\u00e1rio voc\u00ea pode acessar v\u00e1rios CNPJ ou Filiais.<br \/>Cadastro centralizado de CNPJ\/Filiais, Clientes e Produtos.<\/p>\n<\/div>\n<\/div>\n<div id=\"sp-sysknox8r1l\" data-mobile-visibility=\"#sp-sysknox8r1l|false\" data-desktop-visibility=\"#sp-sysknox8r1l|false\" data-mobile-css=\"\" class=\"sp-el-col  spBgcover sp-w-full\" style=\"width: calc(50% + 0px);\">\n<style type=\"text\/css\">\n      #sp-sysknox8r1l .sp-col-top .seedprod-shape-fill {fill: undefined;} #sp-sysknox8r1l .sp-col-top svg {width: undefined%;height: undefinedpx;transform: translateX(-50%);} #sp-sysknox8r1l .sp-col-bottom .seedprod-shape-fill {fill: undefined;} #sp-sysknox8r1l .sp-col-bottom svg {width: undefined%;height: undefinedpx;transform: translateX(-50%);}\n    <\/style>\n<div class=\"sp-col-shape sp-col-top\" style=\"z-index: 0;\">\n<div><\/div>\n<\/div>\n<div class=\"sp-col-shape sp-col-bottom\" style=\"z-index: 0;\">\n<div><\/div>\n<\/div>\n<h3 id=\"sp-d5846q\" data-mobile-css=\".sp-headline-block-d5846q, #sp-d5846q, #d5846q|text-align:center;\" data-mobile-visibility=\".sp-headline-block-d5846q|false\" data-desktop-visibility=\".sp-headline-block-d5846q|false\" class=\"sp-css-target sp-el-block sp-headline-block-d5846q sp-type-header\" style=\"text-align: center; margin: 0px;\">Veja um exemplo de como \u00e9 feita a emiss\u00e3o de NFe em nosso sistema:<\/h3>\n<div id=\"sp-bjb7m8\" data-mobile-css=\"#sp-bjb7m8|justify-content:center;\" class=\"sp-video-control sp-flex sp-el-block\" style=\"justify-content: center; margin: 0px;\">\n<div data-mobile-visibility=\".sp-video-block-bjb7m8|false\" data-desktop-visibility=\".sp-video-block-bjb7m8|false\" class=\"sp-video-wrapper sp-video-block-bjb7m8\" style=\"width: 100%; max-width: 100%;\">\n<div><video width=\"600\" controls=\"\"><source src=\"https:\/\/videosapresentacao.s3.sa-east-1.amazonaws.com\/apresentacao_emite_nfe.mp4\" type=\"video\/mp4\">Seu navegador n\u00e3o suporta a reprodu\u00e7\u00e3o de v\u00eddeo.<\/video><\/div>\n<\/div>\n<\/div>\n<figure id=\"sp-wjkkjogg2c2\" data-mobile-css=\"#sp-wjkkjogg2c2|text-align:center;\" class=\"sp-image-wrapper sp-el-block\" style=\"margin: 0px; text-align: center;\">\n<div><span><img loading=\"lazy\" decoding=\"async\" src=\"https:\/\/hostmundo.net\/lp\/wp-content\/uploads\/2024\/09\/foguete2.webp\" alt=\"\" width=\"663\" height=\"901\" data-mobile-visibility=\".sp-image-block-wjkkjogg2c2|false\" data-desktop-visibility=\".sp-image-block-wjkkjogg2c2|false\" srcset=\" https:\/\/hostmundo.net\/lp\/wp-content\/uploads\/2024\/09\/foguete2-150x150.webp 150w, https:\/\/hostmundo.net\/lp\/wp-content\/uploads\/2024\/09\/foguete2-221x300.webp 221w, https:\/\/hostmundo.net\/lp\/wp-content\/uploads\/2024\/09\/foguete2.webp 663w\" class=\"sp-image-block-wjkkjogg2c2\" style=\"width: 663px;\"><\/span><\/div>\n<\/figure>\n<\/div>\n<\/div>\n<\/section>\n<\/div>\n","protected":false},"excerpt":{"rendered":"<p>Emissor Fiscal, v\u00e1rios CNPJ no mesmo sistema Conhe\u00e7a o ERP HostMundo para emiss\u00f5es fiscais, totalmente integrado, painel do contador para baixar os documentos, envio autom\u00e1tico por e-mail. F\u00e1cil de utilizar e com suporte avan\u00e7ado! NFe NFSe NFCe CFe CTe MDFe Nosso sistema \u00e9 em nuvem, por isso pode ser acessado de qualquer lugar, s\u00f3 precisa [&hellip;]<\/p>\n","protected":false},"author":1,"featured_media":0,"parent":0,"menu_order":0,"comment_status":"closed","ping_status":"closed","template":"","meta":{"_monsterinsights_skip_tracking":false,"_monsterinsights_sitenote_active":false,"_monsterinsights_sitenote_note":"","_monsterinsights_sitenote_category":0,"footnotes":""},"class_list":["post-233","page","type-page","status-publish","hentry"],"aioseo_notices":[],"_links":{"self":[{"href":"https:\/\/hostmundo.net\/lp\/index.php\/wp-json\/wp\/v2\/pages\/233","targetHints":{"allow":["GET"]}}],"collection":[{"href":"https:\/\/hostmundo.net\/lp\/index.php\/wp-json\/wp\/v2\/pages"}],"about":[{"href":"https:\/\/hostmundo.net\/lp\/index.php\/wp-json\/wp\/v2\/types\/page"}],"author":[{"embeddable":true,"href":"https:\/\/hostmundo.net\/lp\/index.php\/wp-json\/wp\/v2\/users\/1"}],"replies":[{"embeddable":true,"href":"https:\/\/hostmundo.net\/lp\/index.php\/wp-json\/wp\/v2\/comments?post=233"}],"version-history":[{"count":24,"href":"https:\/\/hostmundo.net\/lp\/index.php\/wp-json\/wp\/v2\/pages\/233\/revisions"}],"predecessor-version":[{"id":242,"href":"https:\/\/hostmundo.net\/lp\/index.php\/wp-json\/wp\/v2\/pages\/233\/revisions\/242"}],"wp:attachment":[{"href":"https:\/\/hostmundo.net\/lp\/index.php\/wp-json\/wp\/v2\/media?parent=233"}],"curies":[{"name":"wp","href":"https:\/\/api.w.org\/{rel}","templated":true}]}}