{"id":314,"date":"2025-01-28T15:38:44","date_gmt":"2025-01-28T15:38:44","guid":{"rendered":"https:\/\/hostmundo.net\/lp\/?page_id=314"},"modified":"2025-07-13T03:10:08","modified_gmt":"2025-07-13T03:10:08","slug":"certificado-digital","status":"publish","type":"page","link":"https:\/\/hostmundo.net\/lp\/index.php\/certificado-digital\/","title":{"rendered":"Certificado Digital"},"content":{"rendered":"<div id=\"sp-page\" class=\"spBgcover sp-content-4\" style=\"background-color: rgb(255, 255, 255); font-family: 'Helvetica Neue', Arial, sans-serif; font-weight: 400;\">\n<section id=\"sp-ks8a8s\" data-mobile-visibility=\"#sp-ks8a8s|false\" data-desktop-visibility=\"#sp-ks8a8s|false\" data-mobile-css=\"\" class=\"sp-el-section \" style=\"width: 600px; max-width: 100%; padding: 10px;\">\n<div id=\"sp-ct5jhq\" data-mobile-visibility=\"#sp-ct5jhq|false\" data-desktop-visibility=\"#sp-ct5jhq|false\" data-mobile-css=\"\" class=\"sp-el-row sm:sp-flex sp-w-full  sp-m-auto sp-justify-between\">\n<div id=\"sp-ei1z66\" data-mobile-visibility=\"#sp-ei1z66|false\" data-desktop-visibility=\"#sp-ei1z66|false\" data-mobile-css=\"\" class=\"sp-el-col  sp-w-full\" style=\"width: calc(65% + 0px);\">\n<figure id=\"sp-ttdjv5\" data-mobile-css=\"#sp-ttdjv5|text-align:center;\" class=\"sp-image-wrapper sp-el-block\" style=\"margin: 0px; text-align: center;\">\n<div><span><img loading=\"lazy\" decoding=\"async\" src=\"https:\/\/hostmundo.net\/lp\/wp-content\/uploads\/2023\/11\/logo_hostmundo-1.png\" alt=\"\" width=\"1200\" height=\"277\" data-mobile-visibility=\".sp-image-block-ttdjv5|false\" data-desktop-visibility=\".sp-image-block-ttdjv5|false\" srcset=\" https:\/\/hostmundo.net\/lp\/wp-content\/uploads\/2023\/11\/logo_hostmundo-1-150x150.png 150w, https:\/\/hostmundo.net\/lp\/wp-content\/uploads\/2023\/11\/logo_hostmundo-1-300x69.png 300w, https:\/\/hostmundo.net\/lp\/wp-content\/uploads\/2023\/11\/logo_hostmundo-1-1024x236.png 1024w, https:\/\/hostmundo.net\/lp\/wp-content\/uploads\/2023\/11\/logo_hostmundo-1.png 1200w\" class=\"sp-image-block-ttdjv5\" style=\"width: 1200px;\"><\/span><\/div>\n<\/figure>\n<\/div>\n<div id=\"sp-n5mt73\" data-mobile-visibility=\"#sp-n5mt73|false\" data-desktop-visibility=\"#sp-n5mt73|false\" data-mobile-css=\"\" class=\"sp-el-col  sp-w-full\" style=\"width: calc(35% + 0px);\">\n<figure id=\"sp-o0wnxp\" data-mobile-css=\"#sp-o0wnxp|text-align:center;\" class=\"sp-image-wrapper sp-el-block\" style=\"margin: 0px; text-align: center;\">\n<div><span><a href=\"https:\/\/api.whatsapp.com\/send?phone=5519989789560&amp;text=Ol%C3%A1\" target=\"_blank\" rel=\"\" class=\"sp-inline-block\" draggable=\"false\"><img loading=\"lazy\" decoding=\"async\" src=\"https:\/\/hostmundo.net\/lp\/wp-content\/uploads\/2025\/01\/whats_certificado.png\" alt=\"\" width=\"560\" height=\"180\" srcset=\" https:\/\/hostmundo.net\/lp\/wp-content\/uploads\/2025\/01\/whats_certificado-150x150.png 150w, https:\/\/hostmundo.net\/lp\/wp-content\/uploads\/2025\/01\/whats_certificado-300x96.png 300w, https:\/\/hostmundo.net\/lp\/wp-content\/uploads\/2025\/01\/whats_certificado.png 560w\" style=\"width: 560px;\" draggable=\"false\"><\/a><\/span><\/div>\n<\/figure>\n<\/div>\n<\/div>\n<div id=\"sp-vw3kvy\" data-mobile-visibility=\"#sp-vw3kvy|false\" data-desktop-visibility=\"#sp-vw3kvy|false\" data-mobile-css=\"\" class=\"sp-el-row sm:sp-flex sp-w-full  sp-m-auto sp-justify-between\" style=\"padding: 0px; width: auto; max-width: 1000px;\">\n<div id=\"sp-ggzp6w\" data-mobile-visibility=\"#sp-ggzp6w|false\" data-desktop-visibility=\"#sp-ggzp6w|false\" data-mobile-css=\"\" class=\"sp-el-col  sp-w-full\" style=\"width: calc(100% + 0px);\">\n<style type=\"text\/css\">\n      #sp-ggzp6w .sp-col-top .seedprod-shape-fill {fill: undefined;} #sp-ggzp6w .sp-col-top svg {width: undefined%;height: undefinedpx;transform: translateX(-50%);} #sp-ggzp6w .sp-col-bottom .seedprod-shape-fill {fill: undefined;} #sp-ggzp6w .sp-col-bottom svg {width: undefined%;height: undefinedpx;transform: translateX(-50%);}\n    <\/style>\n<div class=\"sp-col-shape sp-col-top\" style=\"z-index: 0;\">\n<div><\/div>\n<\/div>\n<div class=\"sp-col-shape sp-col-bottom\" style=\"z-index: 0;\">\n<div><\/div>\n<\/div>\n<div id=\"sp-tdl1li\" data-mobile-visibility=\".sp-divider-block-tdl1li|false\" data-desktop-visibility=\".sp-divider-block-tdl1li|false\" data-mobile-css=\"#sp-tdl1li .sp-divider-text-block .sp-divider-text, #sp-tdl1li|justify-content:center;padding:10px 0px 10px 0px ;\" class=\"sp-divider-wrapper sp-flex sp-el-block sp-divider-block-tdl1li\" style=\"margin: 0px; justify-content: center; padding: 10px 0px;\">\n<style type=\"text\/css\">\n    #sp-tdl1li .sp-divider-separator::after , #sp-tdl1li .sp-divider-separator::before  {content:\"\"}\n    #sp-tdl1li .sp-divider .sp-divider-separator::after , #sp-tdl1li .sp-divider .sp-divider-separator::before {display:block;border-top:1px solid #000000}\n    #sp-tdl1li .sp-divider .sp-divider-text-block .sp-divider-text \n    {color:#000000}\n    #sp-tdl1li .sp-divider .sp-divider-text-block.sp-divider-icon-block \n    {color:#000000}\n  <\/style>\n<div class=\"sp-divider sp-flex\" style=\"width: 90%; border-top: 1px solid rgb(0, 0, 0);\"><\/div>\n<\/div>\n<div id=\"sp-sniaad\" data-mobile-css=\".sp-text-wrapper-sniaad, #sp-sniaad, #sniaad|text-align:left;\" data-mobile-visibility=\".sp-text-wrapper-sniaad|false\" data-desktop-visibility=\".sp-text-wrapper-sniaad|false\" class=\"sp-css-target sp-text-wrapper sp-el-block sp-text-block-style sp-text-wrapper-sniaad\" style=\"margin: 0px; text-align: left;\">\n<p>A HostMundo tem um dos menores pre\u00e7os de Certificados Digitais no padr\u00e3o ICP-BRASIL para CNPJ e CPF. Emitidos para todo brasil.<br \/><strong>A valida\u00e7\u00e3o dos dados \u00e9 por video confer\u00eancia levando menos de 10 minutos!<\/strong><\/p>\n<\/div>\n<figure id=\"sp-rzg456\" data-mobile-css=\"#sp-rzg456|text-align:center;\" class=\"sp-image-wrapper sp-el-block\" style=\"margin: 0px; text-align: center;\">\n<div><span><img loading=\"lazy\" decoding=\"async\" src=\"https:\/\/hostmundo.net\/lp\/wp-content\/uploads\/2025\/01\/certificado_video_conf.png\" alt=\"\" width=\"1139\" height=\"233\" data-mobile-visibility=\".sp-image-block-rzg456|false\" data-desktop-visibility=\".sp-image-block-rzg456|false\" srcset=\" https:\/\/hostmundo.net\/lp\/wp-content\/uploads\/2025\/01\/certificado_video_conf-150x150.png 150w, https:\/\/hostmundo.net\/lp\/wp-content\/uploads\/2025\/01\/certificado_video_conf-300x61.png 300w, https:\/\/hostmundo.net\/lp\/wp-content\/uploads\/2025\/01\/certificado_video_conf-1024x209.png 1024w, https:\/\/hostmundo.net\/lp\/wp-content\/uploads\/2025\/01\/certificado_video_conf.png 1139w\" class=\"sp-image-block-rzg456\" style=\"width: 1139px;\"><\/span><\/div>\n<\/figure>\n<div id=\"sp-ql1it7\" data-mobile-visibility=\".sp-divider-block-ql1it7|false\" data-desktop-visibility=\".sp-divider-block-ql1it7|false\" data-mobile-css=\"#sp-ql1it7 .sp-divider-text-block .sp-divider-text, #sp-ql1it7|justify-content:center;padding:10px 0px 10px 0px ;\" class=\"sp-divider-wrapper sp-flex sp-el-block sp-divider-block-ql1it7\" style=\"margin: 0px; justify-content: center; padding: 10px 0px;\">\n<style type=\"text\/css\">\n    #sp-ql1it7 .sp-divider-separator::after , #sp-ql1it7 .sp-divider-separator::before  {content:\"\"}\n    #sp-ql1it7 .sp-divider .sp-divider-separator::after , #sp-ql1it7 .sp-divider .sp-divider-separator::before {display:block;border-top:1px solid #000000}\n    #sp-ql1it7 .sp-divider .sp-divider-text-block .sp-divider-text \n    {color:#000000}\n    #sp-ql1it7 .sp-divider .sp-divider-text-block.sp-divider-icon-block \n    {color:#000000}\n  <\/style>\n<div class=\"sp-divider sp-flex\" style=\"width: 90%; border-top: 1px solid rgb(0, 0, 0);\"><\/div>\n<\/div>\n<h1 id=\"sp-jkhbii\" data-mobile-css=\".sp-headline-block-jkhbii, #sp-jkhbii, #jkhbii|text-align:center;\" data-mobile-visibility=\".sp-headline-block-jkhbii|false\" data-desktop-visibility=\".sp-headline-block-jkhbii|false\" class=\"sp-css-target sp-el-block sp-headline-block-jkhbii sp-type-header\" style=\"font-size: 20px; font-weight: bold; color: rgb(50, 27, 38); text-align: left; margin: 0px;\">Confira nossos pre\u00e7os:<\/p>\n<p>\ud83d\udcc4 A1 em Arquivo (V\u00e1lido por 12 meses)<\/p>\n<p>e-CPF: R$ 130,00<br \/>e-CNPJ: R$ 180,00<\/p>\n<p>\ud83d\udcb3 A3 em Cart\u00e3o (V\u00e1lido por 36 meses)<\/p>\n<p>e-CPF: R$ 290,00<br \/>e-CNPJ: R$ 290,00<\/p>\n<p>\ud83d\udd11 A3 em Token (V\u00e1lido por 36 meses)<\/p>\n<p>e-CPF: R$ 390,00<br \/>e-CNPJ: R$ 390,00<\/h1>\n<figure id=\"sp-uv7daf\" data-mobile-css=\"#sp-uv7daf|text-align:center;\" class=\"sp-image-wrapper sp-el-block\" style=\"margin: 0px; text-align: center;\">\n<div><span><a href=\"https:\/\/api.whatsapp.com\/send?phone=5519989789560&amp;text=Ol%C3%A1\" target=\"_blank\" rel=\"\" class=\"sp-inline-block\" draggable=\"false\"><img loading=\"lazy\" decoding=\"async\" src=\"https:\/\/hostmundo.net\/lp\/wp-content\/uploads\/2025\/01\/whats_certificado.png\" alt=\"\" width=\"560\" height=\"180\" srcset=\" https:\/\/hostmundo.net\/lp\/wp-content\/uploads\/2025\/01\/whats_certificado-150x150.png 150w, https:\/\/hostmundo.net\/lp\/wp-content\/uploads\/2025\/01\/whats_certificado-300x96.png 300w, https:\/\/hostmundo.net\/lp\/wp-content\/uploads\/2025\/01\/whats_certificado.png 560w\" style=\"width: 560px;\" draggable=\"false\"><\/a><\/span><\/div>\n<\/figure>\n<div id=\"sp-azvq3d\" data-mobile-visibility=\".sp-divider-block-azvq3d|false\" data-desktop-visibility=\".sp-divider-block-azvq3d|false\" data-mobile-css=\"#sp-azvq3d .sp-divider-text-block .sp-divider-text, #sp-azvq3d|justify-content:center;padding:10px 0px 10px 0px ;\" class=\"sp-divider-wrapper sp-flex sp-el-block sp-divider-block-azvq3d\" style=\"margin: 0px; justify-content: center; padding: 10px 0px;\">\n<style type=\"text\/css\">\n    #sp-azvq3d .sp-divider-separator::after , #sp-azvq3d .sp-divider-separator::before  {content:\"\"}\n    #sp-azvq3d .sp-divider .sp-divider-separator::after , #sp-azvq3d .sp-divider .sp-divider-separator::before {display:block;border-top:1px solid #000000}\n    #sp-azvq3d .sp-divider .sp-divider-text-block .sp-divider-text \n    {color:#000000}\n    #sp-azvq3d .sp-divider .sp-divider-text-block.sp-divider-icon-block \n    {color:#000000}\n  <\/style>\n<div class=\"sp-divider sp-flex\" style=\"width: 90%; border-top: 1px solid rgb(0, 0, 0);\"><\/div>\n<\/div>\n<\/div>\n<\/div>\n<div id=\"sp-eqxfn5\" data-mobile-visibility=\"#sp-eqxfn5|false\" data-desktop-visibility=\"#sp-eqxfn5|false\" data-mobile-css=\"\" class=\"sp-el-row sm:sp-flex sp-w-full  sp-m-auto sp-justify-between\">\n<div id=\"sp-vntvyy\" data-mobile-visibility=\"#sp-vntvyy|false\" data-desktop-visibility=\"#sp-vntvyy|false\" data-mobile-css=\"\" class=\"sp-el-col  sp-w-full\" style=\"width: calc(50% + 0px);\">\n<div id=\"sp-d7nlw1\" data-mobile-css=\".sp-text-wrapper-d7nlw1, #sp-d7nlw1, #d7nlw1|text-align:left;\" data-mobile-visibility=\".sp-text-wrapper-d7nlw1|false\" data-desktop-visibility=\".sp-text-wrapper-d7nlw1|false\" class=\"sp-css-target sp-text-wrapper sp-el-block sp-text-block-style sp-text-wrapper-d7nlw1\" style=\"font-size: 17px; margin: 0px; text-align: left;\">\n<p><strong>Quem \u00e9 a HostMundo?<\/strong><\/p>\n<p>A <strong>HostMundo<\/strong> atua h\u00e1 mais de 10 anos no mercado de tecnologia, oferecendo servi\u00e7os de alta qualidade para dezenas de empresas. Nossa sede est\u00e1 localizada em <strong>Piracicaba\/SP<\/strong>, na <strong>Av. Independ\u00eancia, 350<\/strong>, com CNPJ <strong>23.161.652\/0001-03<\/strong>.<\/p>\n<p>Conte com uma equipe de profissionais dedicados a proporcionar as melhores solu\u00e7\u00f5es para o seu neg\u00f3cio. Aqui, voc\u00ea est\u00e1 em boas m\u00e3os! \ud83d\ude80<\/p>\n<\/div>\n<\/div>\n<div id=\"sp-klahyo\" data-mobile-visibility=\"#sp-klahyo|false\" data-desktop-visibility=\"#sp-klahyo|false\" data-mobile-css=\"\" class=\"sp-el-col  sp-w-full\" style=\"width: calc(50% + 0px);\">\n<figure id=\"sp-o56pkw\" data-mobile-css=\"#sp-o56pkw|text-align:center;\" class=\"sp-image-wrapper sp-el-block\" style=\"margin: 0px; text-align: center;\">\n<div><span><img loading=\"lazy\" decoding=\"async\" src=\"https:\/\/hostmundo.net\/lp\/wp-content\/uploads\/2025\/01\/img_predio_hostmundo.png\" alt=\"\" width=\"360\" height=\"474\" data-mobile-visibility=\".sp-image-block-o56pkw|false\" data-desktop-visibility=\".sp-image-block-o56pkw|false\" srcset=\" https:\/\/hostmundo.net\/lp\/wp-content\/uploads\/2025\/01\/img_predio_hostmundo-150x150.png 150w, https:\/\/hostmundo.net\/lp\/wp-content\/uploads\/2025\/01\/img_predio_hostmundo-228x300.png 228w, https:\/\/hostmundo.net\/lp\/wp-content\/uploads\/2025\/01\/img_predio_hostmundo.png 360w\" class=\"sp-image-block-o56pkw\" style=\"border-radius: 10px; width: 360px;\"><\/span><\/div>\n<\/figure>\n<figure id=\"sp-wa1m12\" data-mobile-css=\"#sp-wa1m12|text-align:center;\" class=\"sp-image-wrapper sp-el-block\" style=\"margin: 0px; text-align: center;\">\n<div><span><a href=\"https:\/\/api.whatsapp.com\/send?phone=5519989628904&amp;text=Ol%C3%A1\" target=\"_blank\" rel=\"\" class=\"sp-inline-block\"><img loading=\"lazy\" decoding=\"async\" src=\"https:\/\/hostmundo.net\/lp\/wp-content\/uploads\/2025\/02\/whats_certificado.png\" alt=\"\" width=\"560\" height=\"180\" srcset=\" https:\/\/hostmundo.net\/lp\/wp-content\/uploads\/2025\/02\/whats_certificado-150x150.png 150w, https:\/\/hostmundo.net\/lp\/wp-content\/uploads\/2025\/02\/whats_certificado-300x96.png 300w, https:\/\/hostmundo.net\/lp\/wp-content\/uploads\/2025\/02\/whats_certificado.png 560w\" style=\"width: 560px;\"><\/a><\/span><\/div>\n<\/figure>\n<\/div>\n<\/div>\n<div id=\"sp-kh6lsp\" data-mobile-visibility=\"#sp-kh6lsp|false\" data-desktop-visibility=\"#sp-kh6lsp|false\" data-mobile-css=\"\" class=\"sp-el-row sm:sp-flex sp-w-full  sp-m-auto sp-justify-between\">\n<div id=\"sp-tfiko0\" data-mobile-visibility=\"#sp-tfiko0|false\" data-desktop-visibility=\"#sp-tfiko0|false\" data-mobile-css=\"\" class=\"sp-el-col  sp-w-full\" style=\"width: calc(100% + 0px);\">\n<div id=\"sp-exumsm\" data-mobile-visibility=\".sp-divider-block-exumsm|false\" data-desktop-visibility=\".sp-divider-block-exumsm|false\" data-mobile-css=\"#sp-exumsm .sp-divider-text-block .sp-divider-text, #sp-exumsm|justify-content:center;padding:10px 0px 10px 0px ;\" class=\"sp-divider-wrapper sp-flex sp-el-block sp-divider-block-exumsm\" style=\"margin: 0px; justify-content: center; padding: 10px 0px;\">\n<style type=\"text\/css\">\n    #sp-exumsm .sp-divider-separator::after , #sp-exumsm .sp-divider-separator::before  {content:\"\"}\n    #sp-exumsm .sp-divider .sp-divider-separator::after , #sp-exumsm .sp-divider .sp-divider-separator::before {display:block;border-top:1px solid #000000}\n    #sp-exumsm .sp-divider .sp-divider-text-block .sp-divider-text \n    {color:#000000}\n    #sp-exumsm .sp-divider .sp-divider-text-block.sp-divider-icon-block \n    {color:#000000}\n  <\/style>\n<div class=\"sp-divider sp-flex\" style=\"width: 90%; border-top: 1px solid rgb(0, 0, 0);\"><\/div>\n<\/div>\n<figure id=\"sp-brhhwi\" data-mobile-css=\"#sp-brhhwi|text-align:center;\" class=\"sp-image-wrapper sp-el-block\" style=\"margin: 0px; text-align: center;\">\n<div><span><img loading=\"lazy\" decoding=\"async\" src=\"https:\/\/hostmundo.net\/lp\/wp-content\/uploads\/2025\/01\/cert1.jpg\" alt=\"\" width=\"738\" height=\"240\" data-mobile-visibility=\".sp-image-block-brhhwi|false\" data-desktop-visibility=\".sp-image-block-brhhwi|false\" srcset=\" https:\/\/hostmundo.net\/lp\/wp-content\/uploads\/2025\/01\/cert1-150x150.jpg 150w, https:\/\/hostmundo.net\/lp\/wp-content\/uploads\/2025\/01\/cert1-300x98.jpg 300w, https:\/\/hostmundo.net\/lp\/wp-content\/uploads\/2025\/01\/cert1.jpg 738w\" class=\"sp-image-block-brhhwi\" style=\"width: 738px;\"><\/span><\/div>\n<\/figure>\n<div id=\"sp-hdurfi\" data-mobile-css=\".sp-text-wrapper-hdurfi, #sp-hdurfi, #hdurfi|text-align:left;\" data-mobile-visibility=\".sp-text-wrapper-hdurfi|false\" data-desktop-visibility=\".sp-text-wrapper-hdurfi|false\" class=\"sp-css-target sp-text-wrapper sp-el-block sp-text-block-style sp-text-wrapper-hdurfi\" style=\"margin: 0px; text-align: left;\">\n<p><em><strong>Duvidas Frequentes<\/strong><\/em><br \/><em><span style=\"text-decoration: underline;\"><br \/>Como \u00e9 feita a valida\u00e7\u00e3o por videoconfer\u00eancia?<\/span><\/em><br \/><em>Nosso agente de registro entrar\u00e1 em contato com o titular respons\u00e1vel pelo CNPJ ou CPF e enviar\u00e1 um link de acesso \u00e0 sala de videoconfer\u00eancia. Ao clicar no link, a c\u00e2mera do celular ser\u00e1 ativada, e nosso agente estar\u00e1 presente para conduzir o processo. Durante a chamada, os dados ser\u00e3o confirmados e gravados. Ap\u00f3s a finaliza\u00e7\u00e3o, a valida\u00e7\u00e3o ser\u00e1 enviada para aprova\u00e7\u00e3o. Todo o processo leva, em m\u00e9dia, at\u00e9 10 minutos.<\/em><\/p>\n<p><em><span style=\"text-decoration: underline;\">Qual o prazo para aprova\u00e7\u00e3o do certificado?<\/span><\/em><br \/><em>Se todos os dados estiverem corretos e validados, a aprova\u00e7\u00e3o normalmente ocorre em at\u00e9 1 dia \u00fatil.<\/em><\/p>\n<p><em><span style=\"text-decoration: underline;\">Como \u00e9 feita a emiss\u00e3o do certificado A1 em arquivo?<\/span><\/em><br \/><em>Voc\u00ea receber\u00e1 um PDF por e-mail e\/ou WhatsApp contendo as informa\u00e7\u00f5es e instru\u00e7\u00f5es para a emiss\u00e3o do certificado. Tamb\u00e9m disponibilizamos um tutorial passo a passo para orientar o processo, que \u00e9 simples e intuitivo.<br \/>Al\u00e9m disso, voc\u00ea pode contar com nosso suporte para te auxiliar.<\/em><\/p>\n<p><em><span style=\"text-decoration: underline;\">Como \u00e9 feito o envio dos certificados em cart\u00f5es A3?<\/span><\/em><br \/><em>O cart\u00e3o do certificado \u00e9 enviado via SEDEX com aviso de recebimento. Assim que o certificado for postado, enviamos o c\u00f3digo de rastreamento para que voc\u00ea possa acompanhar a entrega.<\/em><\/p>\n<\/div>\n<div id=\"sp-a3mgte\" data-mobile-visibility=\".sp-divider-block-a3mgte|false\" data-desktop-visibility=\".sp-divider-block-a3mgte|false\" data-mobile-css=\"#sp-a3mgte .sp-divider-text-block .sp-divider-text, #sp-a3mgte|justify-content:center;padding:10px 0px 10px 0px ;\" class=\"sp-divider-wrapper sp-flex sp-el-block sp-divider-block-a3mgte\" style=\"margin: 0px; justify-content: center; padding: 10px 0px;\">\n<style type=\"text\/css\">\n    #sp-a3mgte .sp-divider-separator::after , #sp-a3mgte .sp-divider-separator::before  {content:\"\"}\n    #sp-a3mgte .sp-divider .sp-divider-separator::after , #sp-a3mgte .sp-divider .sp-divider-separator::before {display:block;border-top:1px solid #000000}\n    #sp-a3mgte .sp-divider .sp-divider-text-block .sp-divider-text \n    {color:#000000}\n    #sp-a3mgte .sp-divider .sp-divider-text-block.sp-divider-icon-block \n    {color:#000000}\n  <\/style>\n<div class=\"sp-divider sp-flex\" style=\"width: 90%; border-top: 1px solid rgb(0, 0, 0);\"><\/div>\n<\/div>\n<figure id=\"sp-yokl5g\" data-mobile-css=\"#sp-yokl5g|text-align:center;\" class=\"sp-image-wrapper sp-el-block\" style=\"margin: 0px; text-align: center;\">\n<div><span><a href=\"https:\/\/api.whatsapp.com\/send?phone=5519989789560&amp;text=Ol%C3%A1\" target=\"_blank\" rel=\"\" class=\"sp-inline-block\" draggable=\"false\"><img loading=\"lazy\" decoding=\"async\" src=\"https:\/\/hostmundo.net\/lp\/wp-content\/uploads\/2025\/01\/whats_certificado.png\" alt=\"\" width=\"560\" height=\"180\" srcset=\" https:\/\/hostmundo.net\/lp\/wp-content\/uploads\/2025\/01\/whats_certificado-150x150.png 150w, https:\/\/hostmundo.net\/lp\/wp-content\/uploads\/2025\/01\/whats_certificado-300x96.png 300w, https:\/\/hostmundo.net\/lp\/wp-content\/uploads\/2025\/01\/whats_certificado.png 560w\" style=\"width: 560px;\" draggable=\"false\"><\/a><\/span><\/div>\n<\/figure>\n<\/div>\n<\/div>\n<\/section>\n<\/div>\n","protected":false},"excerpt":{"rendered":"<p>A HostMundo tem um dos menores pre\u00e7os de Certificados Digitais no padr\u00e3o ICP-BRASIL para CNPJ e CPF. Emitidos para todo brasil.A valida\u00e7\u00e3o dos dados \u00e9 por video confer\u00eancia levando menos de 10 minutos! Confira nossos pre\u00e7os: \ud83d\udcc4 A1 em Arquivo (V\u00e1lido por 12 meses) e-CPF: R$ 130,00e-CNPJ: R$ 180,00 \ud83d\udcb3 A3 em Cart\u00e3o (V\u00e1lido por [&hellip;]<\/p>\n","protected":false},"author":1,"featured_media":0,"parent":0,"menu_order":0,"comment_status":"closed","ping_status":"closed","template":"","meta":{"_monsterinsights_skip_tracking":false,"_monsterinsights_sitenote_active":false,"_monsterinsights_sitenote_note":"","_monsterinsights_sitenote_category":0,"footnotes":""},"class_list":["post-314","page","type-page","status-publish","hentry"],"aioseo_notices":[],"_links":{"self":[{"href":"https:\/\/hostmundo.net\/lp\/index.php\/wp-json\/wp\/v2\/pages\/314","targetHints":{"allow":["GET"]}}],"collection":[{"href":"https:\/\/hostmundo.net\/lp\/index.php\/wp-json\/wp\/v2\/pages"}],"about":[{"href":"https:\/\/hostmundo.net\/lp\/index.php\/wp-json\/wp\/v2\/types\/page"}],"author":[{"embeddable":true,"href":"https:\/\/hostmundo.net\/lp\/index.php\/wp-json\/wp\/v2\/users\/1"}],"replies":[{"embeddable":true,"href":"https:\/\/hostmundo.net\/lp\/index.php\/wp-json\/wp\/v2\/comments?post=314"}],"version-history":[{"count":31,"href":"https:\/\/hostmundo.net\/lp\/index.php\/wp-json\/wp\/v2\/pages\/314\/revisions"}],"predecessor-version":[{"id":321,"href":"https:\/\/hostmundo.net\/lp\/index.php\/wp-json\/wp\/v2\/pages\/314\/revisions\/321"}],"wp:attachment":[{"href":"https:\/\/hostmundo.net\/lp\/index.php\/wp-json\/wp\/v2\/media?parent=314"}],"curies":[{"name":"wp","href":"https:\/\/api.w.org\/{rel}","templated":true}]}}