{"id":6,"date":"2023-08-26T19:42:15","date_gmt":"2023-08-26T19:42:15","guid":{"rendered":"https:\/\/hostmundo.net\/lp\/?page_id=6"},"modified":"2025-06-22T17:46:21","modified_gmt":"2025-06-22T17:46:21","slug":"data-center-hostmundo","status":"publish","type":"page","link":"https:\/\/hostmundo.net\/lp\/index.php\/data-center-hostmundo\/","title":{"rendered":"Data Center HostMundo &#8211; Servidores Dedicados"},"content":{"rendered":"<div id=\"sp-page\" class=\"spBgcover sp-content-4\" style=\"background-color: rgb(255, 255, 255); background-image: url('https:\/\/hostmundo.net\/lp\/wp-content\/uploads\/2023\/08\/backgroud-azul-gradient.jpg'); font-family: Inter, sans-serif; font-weight: 400;\">\n<section id=\"sp-ckzdoppede1\" data-mobile-visibility=\"#sp-ckzdoppede1|false\" data-desktop-visibility=\"#sp-ckzdoppede1|false\" data-mobile-css=\"\" class=\"sp-el-section  spBgcover\" style=\"width: 100%; max-width: 100%; padding: 10px;\">\n<div id=\"sp-rahpdx4qbt4v\" data-mobile-visibility=\"#sp-rahpdx4qbt4v|false\" data-desktop-visibility=\"#sp-rahpdx4qbt4v|false\" data-mobile-css=\"\" class=\"sp-el-row sm:sp-flex sp-w-full  sp-m-auto spBgcover sp-justify-between\" style=\"padding: 10px; width: auto; max-width: 1000px;\">\n<div id=\"sp-nlys3wrlqsuq\" data-mobile-visibility=\"#sp-nlys3wrlqsuq|false\" data-desktop-visibility=\"#sp-nlys3wrlqsuq|false\" data-mobile-css=\"\" class=\"sp-el-col  spBgcover sp-w-full\" style=\"width: calc(50% + 0px);\">\n<style type=\"text\/css\">\n      #sp-nlys3wrlqsuq .sp-col-top .seedprod-shape-fill {fill: undefined;} #sp-nlys3wrlqsuq .sp-col-top svg {width: undefined%;height: undefinedpx;transform: translateX(-50%);} #sp-nlys3wrlqsuq .sp-col-bottom .seedprod-shape-fill {fill: undefined;} #sp-nlys3wrlqsuq .sp-col-bottom svg {width: undefined%;height: undefinedpx;transform: translateX(-50%);}\n    <\/style>\n<div class=\"sp-col-shape sp-col-top\" style=\"z-index: 0;\">\n<div><\/div>\n<\/div>\n<div class=\"sp-col-shape sp-col-bottom\" style=\"z-index: 0;\">\n<div><\/div>\n<\/div>\n<figure id=\"sp-z5x1hr\" data-mobile-css=\"#sp-z5x1hr|text-align:center;\" class=\"sp-image-wrapper sp-el-block\" style=\"margin: 0px; text-align: center;\">\n<div><span><img loading=\"lazy\" decoding=\"async\" src=\"https:\/\/hostmundo.net\/lp\/wp-content\/uploads\/2023\/11\/logo_hostmundo_branco.png\" alt=\"\" width=\"464\" height=\"107\" data-mobile-visibility=\".sp-image-block-z5x1hr|false\" data-desktop-visibility=\".sp-image-block-z5x1hr|false\" srcset=\" https:\/\/hostmundo.net\/lp\/wp-content\/uploads\/2023\/11\/logo_hostmundo_branco-150x107.png 150w, https:\/\/hostmundo.net\/lp\/wp-content\/uploads\/2023\/11\/logo_hostmundo_branco-300x69.png 300w, https:\/\/hostmundo.net\/lp\/wp-content\/uploads\/2023\/11\/logo_hostmundo_branco.png 464w\" class=\"sp-image-block-z5x1hr\" style=\"width: 464px;\"><\/span><\/div>\n<\/figure>\n<figure id=\"sp-dpli56\" data-mobile-css=\"#sp-dpli56|text-align:center;\" class=\"sp-image-wrapper sp-el-block\" style=\"margin: 0px; text-align: center;\">\n<div><span><a href=\"https:\/\/api.whatsapp.com\/send?phone=5519994863421&amp;text=Ol%C3%A1\" target=\"_blank\" rel=\"\" class=\"sp-inline-block\"><img loading=\"lazy\" decoding=\"async\" src=\"https:\/\/hostmundo.net\/lp\/wp-content\/uploads\/2023\/08\/contato-whatsapp.png\" alt=\"\" width=\"381\" height=\"146\" srcset=\" https:\/\/hostmundo.net\/lp\/wp-content\/uploads\/2023\/08\/contato-whatsapp-150x146.png 150w, https:\/\/hostmundo.net\/lp\/wp-content\/uploads\/2023\/08\/contato-whatsapp-300x115.png 300w, https:\/\/hostmundo.net\/lp\/wp-content\/uploads\/2023\/08\/contato-whatsapp.png 381w\" style=\"width: 250px;\"><\/a><\/span><\/div>\n<\/figure>\n<div id=\"sp-wd2693\" data-mobile-visibility=\".sp-divider-block-wd2693|false\" data-desktop-visibility=\".sp-divider-block-wd2693|false\" data-mobile-css=\"#sp-wd2693 .sp-divider-text-block .sp-divider-text, #sp-wd2693|justify-content:center;padding:10px 0px 10px 0px ;\" class=\"sp-divider-wrapper sp-flex sp-el-block sp-divider-block-wd2693\" style=\"margin: 0px; justify-content: center; padding: 10px 0px;\">\n<style type=\"text\/css\">\n    #sp-wd2693 .sp-divider-separator::after , #sp-wd2693 .sp-divider-separator::before  {content:\"\"}\n    #sp-wd2693 .sp-divider .sp-divider-separator::after , #sp-wd2693 .sp-divider .sp-divider-separator::before {display:block;border-top:2px solid #fb8c00}\n    #sp-wd2693 .sp-divider .sp-divider-text-block .sp-divider-text \n    {color:#fb8c00}\n    #sp-wd2693 .sp-divider .sp-divider-text-block.sp-divider-icon-block \n    {color:#fb8c00}\n  <\/style>\n<div class=\"sp-divider  sp-divider-with-icon \" style=\"width: 100%; color: rgb(251, 140, 0);\">\n<div class=\"sp-divider-separator\">\n<div class=\"sp-divider-text-block sp-divider-icon-block\"><i class=\"fas fa-check\" style=\"font-size: 15px;\"><\/i><\/div>\n<\/div>\n<\/div>\n<\/div>\n<h1 id=\"sp-wxi918kaufaj\" data-mobile-css=\".sp-headline-block-wxi918kaufaj, #sp-wxi918kaufaj, #wxi918kaufaj|font-size:48px;text-align:center;\" data-mobile-visibility=\".sp-headline-block-wxi918kaufaj|false\" data-desktop-visibility=\".sp-headline-block-wxi918kaufaj|false\" class=\"sp-css-target sp-el-block sp-headline-block-wxi918kaufaj sp-type-header\" style=\"font-size: 29px; text-align: left; margin: 0px;\">Conectividade, Servidores Dedicados e DataCenter, Solu\u00e7\u00f5es On Premise e Colocation<\/h1>\n<div id=\"sp-xs5l5p\" data-mobile-visibility=\".sp-divider-block-xs5l5p|false\" data-desktop-visibility=\".sp-divider-block-xs5l5p|false\" data-mobile-css=\"#sp-xs5l5p .sp-divider-text-block .sp-divider-text, #sp-xs5l5p|justify-content:center;padding:10px 0px 10px 0px ;\" class=\"sp-divider-wrapper sp-flex sp-el-block sp-divider-block-xs5l5p\" style=\"margin: 0px; justify-content: center; padding: 10px 0px;\">\n<style type=\"text\/css\">\n    #sp-xs5l5p .sp-divider-separator::after , #sp-xs5l5p .sp-divider-separator::before  {content:\"\"}\n    #sp-xs5l5p .sp-divider .sp-divider-separator::after , #sp-xs5l5p .sp-divider .sp-divider-separator::before {display:block;border-top:2px solid #fb8c00}\n    #sp-xs5l5p .sp-divider .sp-divider-text-block .sp-divider-text \n    {color:#fb8c00}\n    #sp-xs5l5p .sp-divider .sp-divider-text-block.sp-divider-icon-block \n    {color:#fb8c00}\n  <\/style>\n<div class=\"sp-divider  sp-divider-with-icon \" style=\"width: 100%; color: rgb(251, 140, 0);\">\n<div class=\"sp-divider-separator\">\n<div class=\"sp-divider-text-block sp-divider-icon-block\"><i class=\"fas fa-check\" style=\"font-size: 15px;\"><\/i><\/div>\n<\/div>\n<\/div>\n<\/div>\n<h1 id=\"sp-qwkv91\" data-mobile-css=\".sp-headline-block-qwkv91, #sp-qwkv91, #qwkv91|font-size:48px;text-align:center;\" data-mobile-visibility=\".sp-headline-block-qwkv91|false\" data-desktop-visibility=\".sp-headline-block-qwkv91|false\" class=\"sp-css-target sp-el-block sp-headline-block-qwkv91 sp-type-header\" style=\"font-size: 29px; text-align: left; margin: 0px;\">PIX PTT, NAP Brasil, Operadoras e mais canais!<\/h1>\n<div id=\"sp-zrkqs7\" data-mobile-visibility=\".sp-divider-block-zrkqs7|false\" data-desktop-visibility=\".sp-divider-block-zrkqs7|false\" data-mobile-css=\"#sp-zrkqs7 .sp-divider-text-block .sp-divider-text, #sp-zrkqs7|justify-content:center;padding:10px 0px 10px 0px ;\" class=\"sp-divider-wrapper sp-flex sp-el-block sp-divider-block-zrkqs7\" style=\"margin: 0px; justify-content: center; padding: 10px 0px;\">\n<style type=\"text\/css\">\n    #sp-zrkqs7 .sp-divider-separator::after , #sp-zrkqs7 .sp-divider-separator::before  {content:\"\"}\n    #sp-zrkqs7 .sp-divider .sp-divider-separator::after , #sp-zrkqs7 .sp-divider .sp-divider-separator::before {display:block;border-top:2px solid #fb8c00}\n    #sp-zrkqs7 .sp-divider .sp-divider-text-block .sp-divider-text \n    {color:#fb8c00}\n    #sp-zrkqs7 .sp-divider .sp-divider-text-block.sp-divider-icon-block \n    {color:#fb8c00}\n  <\/style>\n<div class=\"sp-divider  sp-divider-with-icon \" style=\"width: 100%; color: rgb(251, 140, 0);\">\n<div class=\"sp-divider-separator\">\n<div class=\"sp-divider-text-block sp-divider-icon-block\"><i class=\"fas fa-check\" style=\"font-size: 15px;\"><\/i><\/div>\n<\/div>\n<\/div>\n<\/div>\n<h1 id=\"lvlox5\" data-mobile-css=\".sp-headline-block-lvlox5, #sp-lvlox5, #lvlox5|font-size:48px;text-align:center;\" data-mobile-visibility=\".sp-headline-block-lvlox5|false\" data-desktop-visibility=\".sp-headline-block-lvlox5|false\" class=\"sp-css-target sp-el-block  sp-headline-block-lvlox5 sp-type-header mce-content-body html4-captions\" style=\"font-size: 37px; text-align: left; margin: 0px; position: relative;\"  >Servidores Dedicados<\/h1>\n<div id=\"sp-to9pc086it6g\" data-mobile-css=\".sp-text-wrapper-to9pc086it6g, #sp-to9pc086it6g, #to9pc086it6g|text-align:left;\" data-mobile-visibility=\".sp-text-wrapper-to9pc086it6g|false\" data-desktop-visibility=\".sp-text-wrapper-to9pc086it6g|false\" class=\"sp-css-target sp-text-wrapper sp-el-block sp-text-wrapper-to9pc086it6g\" style=\"margin: 0px; text-align: left;\">\n<p><strong>Solu\u00e7\u00f5es Altamente Seguras, Links Redundantes, Equipe Altamente Treinada e Preparada!<\/strong><\/p>\n<\/div>\n<figure id=\"sp-jytpy8\" data-mobile-css=\"#sp-jytpy8|text-align:center;\" class=\"sp-image-wrapper sp-el-block\" style=\"margin: 0px; text-align: center;\">\n<div><span><img loading=\"lazy\" decoding=\"async\" src=\"https:\/\/hostmundo.net\/lp\/wp-content\/uploads\/2023\/11\/certificado_dedicado.png\" alt=\"\" width=\"448\" height=\"94\" data-mobile-visibility=\".sp-image-block-jytpy8|false\" data-desktop-visibility=\".sp-image-block-jytpy8|false\" srcset=\" https:\/\/hostmundo.net\/lp\/wp-content\/uploads\/2023\/11\/certificado_dedicado-150x94.png 150w, https:\/\/hostmundo.net\/lp\/wp-content\/uploads\/2023\/11\/certificado_dedicado-300x63.png 300w, https:\/\/hostmundo.net\/lp\/wp-content\/uploads\/2023\/11\/certificado_dedicado.png 448w\" class=\"sp-image-block-jytpy8\" style=\"width: 448px;\"><\/span><\/div>\n<\/figure>\n<div id=\"sp-c9orbt\" data-mobile-css=\".sp-bulletlist-block-c9orbt, #sp-c9orbt|justify-content:flex-start;\" data-mobile-visibility=\".sp-bulletlist-block-c9orbt|false\" data-desktop-visibility=\".sp-bulletlist-block-c9orbt|false\" class=\"sp-flex sp-css-target sp-el-block sp-bulletlist-block-template-0 sp-justify-start sp-bulletlist-block-c9orbt\" style=\"margin: 0px; font-size: 24px;\">\n<ul class=\"sp-bulletlist-wrapper\">\n<li data-mobile-css=\"#sp-c9orbt .sp-bullet-list-item-c9orbt-0|padding:0px 0px 10px 0px ;\" class=\"sp-flex sp-items-center sp-bullet-list-item-c9orbt-0 sp-justify-start\" style=\"padding: 0px 0px 1px;\"><span class=\"sp-icon-wrapper sp-mr-4\"><i class=\"fa-fw fa-lg fas fa-check\" style=\"width: 48px; line-height: 48px; font-size: 24px;\"><\/i><\/span><span>Processador Redundante e HDs com redund\u00e2ncia<\/span><\/li>\n<li data-mobile-css=\"#sp-c9orbt .sp-bullet-list-item-c9orbt-1|padding:0px 0px 10px 0px ;\" class=\"sp-flex sp-items-center sp-bullet-list-item-c9orbt-1 sp-justify-start\" style=\"padding: 0px 0px 1px;\"><span class=\"sp-icon-wrapper sp-mr-4\"><i class=\"fa-fw fa-lg fas fa-check\" style=\"width: 48px; line-height: 48px; font-size: 24px;\"><\/i><\/span><span>Tr\u00e1fego Ilimitado<\/span><\/li>\n<li data-mobile-css=\"#sp-c9orbt .sp-bullet-list-item-c9orbt-2|padding:0px 0px 10px 0px ;\" class=\"sp-flex sp-items-center sp-bullet-list-item-c9orbt-2 sp-justify-start\" style=\"padding: 0px 0px 1px;\"><span class=\"sp-icon-wrapper sp-mr-4\"><i class=\"fa-fw fa-lg fas fa-check\" style=\"width: 48px; line-height: 48px; font-size: 24px;\"><\/i><\/span><span>Acesso a IDRAC ou ILO diretamente do Servidor<\/span><\/li>\n<li data-mobile-css=\"#sp-c9orbt .sp-bullet-list-item-c9orbt-3|padding:0px 0px 10px 0px ;\" class=\"sp-flex sp-items-center sp-bullet-list-item-c9orbt-3 sp-justify-start\" style=\"padding: 0px 0px 1px;\"><span class=\"sp-icon-wrapper sp-mr-4\"><i class=\"fa-fw fa-lg fas fa-check\" style=\"width: 48px; line-height: 48px; font-size: 24px;\"><\/i><\/span><span>Bloco de IPv6\/64 ou IPs individuais<\/span><\/li>\n<li data-mobile-css=\"#sp-c9orbt .sp-bullet-list-item-c9orbt-4|padding:0px 0px 10px 0px ;\" class=\"sp-flex sp-items-center sp-bullet-list-item-c9orbt-4 sp-justify-start\" style=\"padding: 0px 0px 1px;\"><span class=\"sp-icon-wrapper sp-mr-4\"><i class=\"fa-fw fa-lg fas fa-check\" style=\"width: 48px; line-height: 48px; font-size: 24px;\"><\/i><\/span><span>Discos Hot Swap<\/span><\/li>\n<li data-mobile-css=\"#sp-c9orbt .sp-bullet-list-item-c9orbt-5|padding:0px 0px 10px 0px ;\" class=\"sp-flex sp-items-center sp-bullet-list-item-c9orbt-5 sp-justify-start\" style=\"padding: 0px 0px 1px;\"><span class=\"sp-icon-wrapper sp-mr-4\"><i class=\"fa-fw fa-lg fas fa-check\" style=\"width: 48px; line-height: 48px; font-size: 24px;\"><\/i><\/span><span>Hardware Enterprise<\/span><\/li>\n<li data-mobile-css=\"#sp-c9orbt .sp-bullet-list-item-c9orbt-6|padding:0px 0px 10px 0px ;\" class=\"sp-flex sp-items-center sp-bullet-list-item-c9orbt-6 sp-justify-start\" style=\"padding: 0px 0px 1px;\"><span class=\"sp-icon-wrapper sp-mr-4\"><i class=\"fa-fw fa-lg fas fa-check\" style=\"width: 48px; line-height: 48px; font-size: 24px;\"><\/i><\/span><span>Prote\u00e7\u00e3o AntiDDOS<\/span><\/li>\n<li data-mobile-css=\"#sp-c9orbt .sp-bullet-list-item-c9orbt-7|padding:0px 0px 10px 0px ;\" class=\"sp-flex sp-items-center sp-bullet-list-item-c9orbt-7 sp-justify-start\" style=\"padding: 0px 0px 1px;\"><span class=\"sp-icon-wrapper sp-mr-4\"><i class=\"fa-fw fa-lg fas fa-check\" style=\"width: 48px; line-height: 48px; font-size: 24px;\"><\/i><\/span><span>M\u00faltiplos links com Operadoras<\/span><\/li>\n<li data-mobile-css=\"\" class=\"sp-flex sp-items-center sp-bullet-list-item-c9orbt-8 sp-justify-start\"><span class=\"sp-icon-wrapper sp-mr-4\"><i class=\"fa-fw fa-lg fas fa-check\" style=\"width: 48px; line-height: 48px; font-size: 24px;\"><\/i><\/span><span>Servidores Dedicados no Brasil<\/span><\/li>\n<\/ul>\n<\/div>\n<\/div>\n<div id=\"sp-sysknox8r1l\" data-mobile-visibility=\"#sp-sysknox8r1l|false\" data-desktop-visibility=\"#sp-sysknox8r1l|false\" data-mobile-css=\"\" class=\"sp-el-col  spBgcover sp-w-full\" style=\"width: calc(50% + 0px);\">\n<style type=\"text\/css\">\n      #sp-sysknox8r1l .sp-col-top .seedprod-shape-fill {fill: undefined;} #sp-sysknox8r1l .sp-col-top svg {width: undefined%;height: undefinedpx;transform: translateX(-50%);} #sp-sysknox8r1l .sp-col-bottom .seedprod-shape-fill {fill: undefined;} #sp-sysknox8r1l .sp-col-bottom svg {width: undefined%;height: undefinedpx;transform: translateX(-50%);}\n    <\/style>\n<div class=\"sp-col-shape sp-col-top\" style=\"z-index: 0;\">\n<div><\/div>\n<\/div>\n<div class=\"sp-col-shape sp-col-bottom\" style=\"z-index: 0;\">\n<div><\/div>\n<\/div>\n<figure id=\"sp-lcmx4y\" data-mobile-css=\"#sp-lcmx4y|text-align:center;\" class=\"sp-image-wrapper sp-el-block\" style=\"margin: 0px; text-align: center;\">\n<div><span><img loading=\"lazy\" decoding=\"async\" src=\"https:\/\/hostmundo.net\/lp\/wp-content\/uploads\/2023\/08\/foto_data_center2.jpg\" alt=\"\" width=\"645\" height=\"211\" data-mobile-visibility=\".sp-image-block-lcmx4y|false\" data-desktop-visibility=\".sp-image-block-lcmx4y|false\" srcset=\" https:\/\/hostmundo.net\/lp\/wp-content\/uploads\/2023\/08\/foto_data_center2-150x150.jpg 150w, https:\/\/hostmundo.net\/lp\/wp-content\/uploads\/2023\/08\/foto_data_center2-300x98.jpg 300w, https:\/\/hostmundo.net\/lp\/wp-content\/uploads\/2023\/08\/foto_data_center2.jpg 645w\" class=\"sp-image-block-lcmx4y\" style=\"border-radius: 15px; width: 645px; border-width: 2px; border-style: solid; border-color: rgb(251, 140, 0);\"><\/span><\/div>\n<\/figure>\n<div id=\"sp-bz8yoxok8c8\" data-mobile-css=\".sp-bulletlist-block-bz8yoxok8c8, #sp-bz8yoxok8c8|justify-content:flex-start;\" data-mobile-visibility=\".sp-bulletlist-block-bz8yoxok8c8|false\" data-desktop-visibility=\".sp-bulletlist-block-bz8yoxok8c8|false\" class=\"sp-flex sp-css-target sp-el-block sp-bulletlist-block-template-0 sp-justify-start sp-bulletlist-block-bz8yoxok8c8\" style=\"margin: 0px;\">\n<ul class=\"sp-bulletlist-wrapper\">\n<li data-mobile-css=\"#sp-bz8yoxok8c8 .sp-bullet-list-item-bz8yoxok8c8-0|padding:0px 0px 10px 0px ;\" class=\"sp-flex sp-items-center sp-bullet-list-item-bz8yoxok8c8-0 sp-justify-start\" style=\"padding: 0px 0px 8px;\"><span class=\"sp-icon-wrapper sp-mr-4\"><i class=\"fa-fw fa-lg fas fa-check\" style=\"width: 32px; line-height: 32px;\"><\/i><\/span><span>SLA de 99% na disponibilidade da infraestrutura HostMundo. Seguran\u00e7a e escalabilidade para os neg\u00f3cios da sua empresa.<\/span><\/li>\n<li data-mobile-css=\"#sp-bz8yoxok8c8 .sp-bullet-list-item-bz8yoxok8c8-1|padding:0px 0px 10px 0px ;\" class=\"sp-flex sp-items-center sp-bullet-list-item-bz8yoxok8c8-1 sp-justify-start\" style=\"padding: 0px 0px 8px;\"><span class=\"sp-icon-wrapper sp-mr-4\"><i class=\"fa-fw fa-lg fas fa-check\" style=\"width: 32px; line-height: 32px;\"><\/i><\/span><span>Certifica\u00e7\u00f5es TR3, SOC, ISO 27001, ISO 20000, PCI-DDS, ISO 14001, ISO 37001 e ISO 50001<\/span><\/li>\n<li data-mobile-css=\"#sp-bz8yoxok8c8 .sp-bullet-list-item-bz8yoxok8c8-2|padding:0px 0px 10px 0px ;\" class=\"sp-flex sp-items-center sp-bullet-list-item-bz8yoxok8c8-2 sp-justify-start\" style=\"padding: 0px 0px 8px;\"><span class=\"sp-icon-wrapper sp-mr-4\"><i class=\"fa-fw fa-lg fas fa-check\" style=\"width: 32px; line-height: 32px;\"><\/i><\/span><span>A HostMundo garante a escalabilidade do seu neg\u00f3cio. Voc\u00ea pode ampliar seu ambiente de TI, de acordo com o crescimento da sua empresa. Sem se preocupar.<\/span><\/li>\n<li data-mobile-css=\"#sp-bz8yoxok8c8 .sp-bullet-list-item-bz8yoxok8c8-3|padding:0px 0px 10px 0px ;\" class=\"sp-flex sp-items-center sp-bullet-list-item-bz8yoxok8c8-3 sp-justify-start\" style=\"padding: 0px 0px 8px;\"><span class=\"sp-icon-wrapper sp-mr-4\"><i class=\"fa-fw fa-lg fas fa-check\" style=\"width: 32px; line-height: 32px;\"><\/i><\/span><span>Equipe de manuten\u00e7\u00e3o sempre a postos e preparada para atuar de forma preventiva, com zero impacto para a sua empresa.<\/span><\/li>\n<li data-mobile-css=\"#sp-bz8yoxok8c8 .sp-bullet-list-item-bz8yoxok8c8-4|padding:0px 0px 10px 0px ;\" class=\"sp-flex sp-items-center sp-bullet-list-item-bz8yoxok8c8-4 sp-justify-start\" style=\"padding: 0px 0px 8px;\"><span class=\"sp-icon-wrapper sp-mr-4\"><i class=\"fa-fw fa-lg fas fa-check\" style=\"width: 32px; line-height: 32px;\"><\/i><\/span><span>Estrutura f\u00edsica 100% segura, com equipe de monitoramento patrimonial pr\u00f3pria e especializada na seguran\u00e7a de Data Centers.<\/span><\/li>\n<li data-mobile-css=\"\" class=\"sp-flex sp-items-center sp-bullet-list-item-bz8yoxok8c8-5 sp-justify-start\"><span class=\"sp-icon-wrapper sp-mr-4\"><i class=\"fa-fw fa-lg fas fa-check\" style=\"width: 32px; line-height: 32px;\"><\/i><\/span><span>Sistemas redundantes com 100% de disponibilidade e alt\u00edssima garantia nos SLAs de resolu\u00e7\u00e3o e atendimento.<\/span><\/li>\n<\/ul>\n<\/div>\n<figure id=\"sp-fb0fgc\" data-mobile-css=\"#sp-fb0fgc|text-align:center;\" class=\"sp-image-wrapper sp-el-block\" style=\"margin: 0px; text-align: center;\">\n<div><span><a href=\"https:\/\/api.whatsapp.com\/send?phone=5519994863421&amp;text=Ol%C3%A1\" target=\"_blank\" rel=\"\" class=\"sp-inline-block\"><img loading=\"lazy\" decoding=\"async\" src=\"https:\/\/hostmundo.net\/lp\/wp-content\/uploads\/2023\/08\/contato-whatsapp.png\" alt=\"\" width=\"381\" height=\"146\" srcset=\" https:\/\/hostmundo.net\/lp\/wp-content\/uploads\/2023\/08\/contato-whatsapp-150x146.png 150w, https:\/\/hostmundo.net\/lp\/wp-content\/uploads\/2023\/08\/contato-whatsapp-300x115.png 300w, https:\/\/hostmundo.net\/lp\/wp-content\/uploads\/2023\/08\/contato-whatsapp.png 381w\" style=\"width: 250px;\"><\/a><\/span><\/div>\n<\/figure>\n<figure id=\"sp-gt6xod\" data-mobile-css=\"#sp-gt6xod|text-align:center;\" class=\"sp-image-wrapper sp-el-block\" style=\"margin: 0px; text-align: center;\">\n<div><span><img loading=\"lazy\" decoding=\"async\" src=\"https:\/\/hostmundo.net\/lp\/wp-content\/uploads\/2023\/11\/data_s.png\" alt=\"\" width=\"621\" height=\"375\" data-mobile-visibility=\".sp-image-block-gt6xod|false\" data-desktop-visibility=\".sp-image-block-gt6xod|false\" srcset=\" https:\/\/hostmundo.net\/lp\/wp-content\/uploads\/2023\/11\/data_s-150x150.png 150w, https:\/\/hostmundo.net\/lp\/wp-content\/uploads\/2023\/11\/data_s-300x181.png 300w, https:\/\/hostmundo.net\/lp\/wp-content\/uploads\/2023\/11\/data_s.png 621w\" class=\"sp-image-block-gt6xod\" style=\"width: 621px;\"><\/span><\/div>\n<\/figure>\n<figure id=\"sp-xgaox8\" data-mobile-css=\"#sp-xgaox8|text-align:center;\" class=\"sp-image-wrapper sp-el-block\" style=\"margin: 0px; text-align: center;\">\n<div><span><img loading=\"lazy\" decoding=\"async\" src=\"https:\/\/hostmundo.net\/lp\/wp-content\/uploads\/2023\/11\/data_s2.png\" alt=\"\" width=\"668\" height=\"451\" data-mobile-visibility=\".sp-image-block-xgaox8|false\" data-desktop-visibility=\".sp-image-block-xgaox8|false\" srcset=\" https:\/\/hostmundo.net\/lp\/wp-content\/uploads\/2023\/11\/data_s2-150x150.png 150w, https:\/\/hostmundo.net\/lp\/wp-content\/uploads\/2023\/11\/data_s2-300x203.png 300w, https:\/\/hostmundo.net\/lp\/wp-content\/uploads\/2023\/11\/data_s2.png 668w\" class=\"sp-image-block-xgaox8\" style=\"width: 668px;\"><\/span><\/div>\n<\/figure>\n<\/div>\n<\/div>\n<\/section>\n<\/div>\n","protected":false},"excerpt":{"rendered":"<p>Conectividade, Servidores Dedicados e DataCenter, Solu\u00e7\u00f5es On Premise e Colocation PIX PTT, NAP Brasil, Operadoras e mais canais! Servidores Dedicados Solu\u00e7\u00f5es Altamente Seguras, Links Redundantes, Equipe Altamente Treinada e Preparada! Processador Redundante e HDs com redund\u00e2ncia Tr\u00e1fego Ilimitado Acesso a IDRAC ou ILO diretamente do Servidor Bloco de IPv6\/64 ou IPs individuais Discos Hot Swap [&hellip;]<\/p>\n","protected":false},"author":1,"featured_media":0,"parent":0,"menu_order":0,"comment_status":"closed","ping_status":"closed","template":"","meta":{"_monsterinsights_skip_tracking":false,"_monsterinsights_sitenote_active":false,"_monsterinsights_sitenote_note":"","_monsterinsights_sitenote_category":0,"footnotes":""},"class_list":["post-6","page","type-page","status-publish","hentry"],"aioseo_notices":[],"_links":{"self":[{"href":"https:\/\/hostmundo.net\/lp\/index.php\/wp-json\/wp\/v2\/pages\/6","targetHints":{"allow":["GET"]}}],"collection":[{"href":"https:\/\/hostmundo.net\/lp\/index.php\/wp-json\/wp\/v2\/pages"}],"about":[{"href":"https:\/\/hostmundo.net\/lp\/index.php\/wp-json\/wp\/v2\/types\/page"}],"author":[{"embeddable":true,"href":"https:\/\/hostmundo.net\/lp\/index.php\/wp-json\/wp\/v2\/users\/1"}],"replies":[{"embeddable":true,"href":"https:\/\/hostmundo.net\/lp\/index.php\/wp-json\/wp\/v2\/comments?post=6"}],"version-history":[{"count":53,"href":"https:\/\/hostmundo.net\/lp\/index.php\/wp-json\/wp\/v2\/pages\/6\/revisions"}],"predecessor-version":[{"id":45,"href":"https:\/\/hostmundo.net\/lp\/index.php\/wp-json\/wp\/v2\/pages\/6\/revisions\/45"}],"wp:attachment":[{"href":"https:\/\/hostmundo.net\/lp\/index.php\/wp-json\/wp\/v2\/media?parent=6"}],"curies":[{"name":"wp","href":"https:\/\/api.w.org\/{rel}","templated":true}]}}